{"id":9880,"date":"2025-11-24T10:05:20","date_gmt":"2025-11-24T10:05:20","guid":{"rendered":"https:\/\/hubertpietka.bialystok.pl\/?page_id=9880"},"modified":"2025-11-24T10:05:20","modified_gmt":"2025-11-24T10:05:20","slug":"obluda-bestii-i-lajdakow-we-wszelkim-szatanstwie-zawsze-do-pary","status":"publish","type":"page","link":"https:\/\/hubertpietka.bialystok.pl\/?page_id=9880","title":{"rendered":"Ob\u0142uda bestii i \u0142ajdak\u00f3w &#8211; we wszelkim szata\u0144stwie \/ zawsze do pary"},"content":{"rendered":"\n<p>Ob\u0142uda \u0142ajdak\u00f3w wszelakich jest zawsze<br>W cenie u tych bestii<br>Ta totalna ku zbrodniom<br>\u015amierci zniewolenia zniszczenie dla nas<br>Naszych i naszego<br>I ta zwyk\u0142a rzek\u0142bym powszechna<br>Kt\u00f3ra ma uderza\u0107 w nas<br>Na ka\u017cdym kroku cho\u0107by rykoszetem<br>Pod\u0142ug po\u017c\u0105da\u0144 tych szata\u0144skich bestii<\/p>\n\n\n\n<p>To bydle podwijskie ma cho\u0107by<br>Zawsze woln\u0105 kart\u0119 u tych<br>Niesko\u0144czonych w szata\u0144stwie bestii<br>Na swe \u0142ajdackie napa\u015bci<br>Bo on przecie\u017c jest ca\u0142kowicie<br>Skorumpowany k\u0142amstwami ob\u0142udy przez bestie<\/p>\n\n\n\n<p>A jak nie to<br>Te mi\u015bki \u0142ajdaczy\u0107 mog\u0105 przecie\u017c<br>Te\u017c zawsze pod\u0142ug tych bestii<br>Czy inni s\u0142u\u017calcy na us\u0142ugach<br>K\u0142amliwych zbrodni tych ob\u0142\u0119dnych bestii<\/p>\n\n\n\n<p>Zobacz jaki paradoks tych \u0142ajdak\u00f3w<br>Kto\u015b tak se mo\u017ce wje\u017cd\u017ca\u0107<br>Na miejsce parkingowe<br>Od lat zreszt\u0105 wielu nieustannie<br>A te bydlaki misiowe<br>Mnie \u015bcigaj\u0105 za jedno takie<br>Sobie zaparkowanie w warunkach pogodowych<br>Bardzo trudnych gdy nie by\u0142o<br>Wida\u0107 przej\u015bcia dla pieszych<br>Ale tu wszystko ma by\u0107<br>Przecie\u017c pod\u0142ug szata\u0144stw tych bestii<\/p>\n\n\n\n<p>I te \u0142ajdaki mi\u015bki kolaboranckie<br>Mog\u0105 mnie te\u017c pewnie podobnie<br>\u015aciga\u0107 te\u017c zawsze cho\u0107by pod\u0142ug<br>Nagra\u0144 chorych wszelkich ob\u0142udnych bydlak\u00f3w<br>Kt\u00f3re bior\u0105c pod uwag\u0119 pozory<br>Przez nas przekraczania niby prawa<br>Poprzez odpowiednio sfingowane uj\u0119cia<br>Robi\u0105 to na m\u0142yn bestii<br>Wszelkich ich zbrodni temu s\u0142u\u017c\u0105<br>Przecie\u017c wiernie te \u0142ajdaki misiowe<br>I inni s\u0142u\u017calcy bestii podobnie<\/p>\n\n\n\n<figure class=\"wp-block-gallery has-nested-images columns-default is-cropped wp-block-gallery-1 is-layout-flex wp-block-gallery-is-layout-flex\">\n<figure class=\"wp-block-image size-large\"><a href=\"https:\/\/hubertpietka.bialystok.pl\/wp-content\/uploads\/2025\/11\/1000036271.jpg\"><img loading=\"lazy\" decoding=\"async\" width=\"771\" height=\"1024\" data-id=\"9881\" src=\"https:\/\/hubertpietka.bialystok.pl\/wp-content\/uploads\/2025\/11\/1000036271-771x1024.jpg\" alt=\"\" class=\"wp-image-9881\" srcset=\"https:\/\/hubertpietka.bialystok.pl\/wp-content\/uploads\/2025\/11\/1000036271-771x1024.jpg 771w, https:\/\/hubertpietka.bialystok.pl\/wp-content\/uploads\/2025\/11\/1000036271-226x300.jpg 226w, https:\/\/hubertpietka.bialystok.pl\/wp-content\/uploads\/2025\/11\/1000036271-768x1020.jpg 768w, https:\/\/hubertpietka.bialystok.pl\/wp-content\/uploads\/2025\/11\/1000036271-1157x1536.jpg 1157w, https:\/\/hubertpietka.bialystok.pl\/wp-content\/uploads\/2025\/11\/1000036271.jpg 1536w\" sizes=\"auto, (max-width: 771px) 100vw, 771px\" \/><\/a><\/figure>\n<\/figure>\n\n\n\n<p><em>Na zdj. Sami oce\u0144cie t\u0105 ob\u0142ud\u0119 bestii<br>I im s\u0142u\u017c\u0105cych \u0142ajdak\u00f3w wszelkich<br>Tak\u017ce tych s\u0142u\u017cbist\u00f3w chorego ob\u0142\u0119du<br>Tych bestii \u017ce kto\u015b sobie<br>Mo\u017ce robi\u0107 co\u015b tam nieustannie<br>A mnie nas si\u0119 \u015bciga<br>Nieustannie od lat wielu<br>Za jedno ma\u0142e nawet je\u015bli<br>Przewinienie wyabstrachowuj\u0105c to cho\u0107by<br>Z warunk\u00f3w panuj\u0105cych na zewn\u0105trz<br>Tak wszystko te bestie<br>Wykorzystuj\u0105 przeciwko nam i skorumpowane<br>Przez nich w z\u0142u ob\u0142udy<br>\u0141ajdaki wszelkie zawodowe s\u0142u\u017cbowe prywatne<br>Ob\u0142uda bestii i takich \u0142ajdak\u00f3w<br>Ma nas przecie\u017c nieustannie zabija\u0107<br>Zniewala\u0107 gwa\u0142t zadawa\u0107 nas niszczy\u0107<br>Przecie\u017c musz\u0105 by\u0107 przecie\u017c<br>W ko\u0144cu zrealizowane wszelkie zbrodnie<br>Bestii zajad\u0142ych szata\u0144stwem wszelkim chorym<\/em><\/p>\n","protected":false},"excerpt":{"rendered":"<p>Ob\u0142uda \u0142ajdak\u00f3w wszelakich jest zawszeW cenie u tych bestiiTa totalna ku zbrodniom\u015amierci zniewolenia zniszczenie dla nasNaszych i naszegoI ta zwyk\u0142a rzek\u0142bym powszechnaKt\u00f3ra ma uderza\u0107 w&hellip; <\/p>\n","protected":false},"author":1,"featured_media":0,"parent":0,"menu_order":0,"comment_status":"closed","ping_status":"closed","template":"","meta":{"footnotes":""},"class_list":["post-9880","page","type-page","status-publish","hentry"],"_links":{"self":[{"href":"https:\/\/hubertpietka.bialystok.pl\/index.php?rest_route=\/wp\/v2\/pages\/9880","targetHints":{"allow":["GET"]}}],"collection":[{"href":"https:\/\/hubertpietka.bialystok.pl\/index.php?rest_route=\/wp\/v2\/pages"}],"about":[{"href":"https:\/\/hubertpietka.bialystok.pl\/index.php?rest_route=\/wp\/v2\/types\/page"}],"author":[{"embeddable":true,"href":"https:\/\/hubertpietka.bialystok.pl\/index.php?rest_route=\/wp\/v2\/users\/1"}],"replies":[{"embeddable":true,"href":"https:\/\/hubertpietka.bialystok.pl\/index.php?rest_route=%2Fwp%2Fv2%2Fcomments&post=9880"}],"version-history":[{"count":1,"href":"https:\/\/hubertpietka.bialystok.pl\/index.php?rest_route=\/wp\/v2\/pages\/9880\/revisions"}],"predecessor-version":[{"id":9882,"href":"https:\/\/hubertpietka.bialystok.pl\/index.php?rest_route=\/wp\/v2\/pages\/9880\/revisions\/9882"}],"wp:attachment":[{"href":"https:\/\/hubertpietka.bialystok.pl\/index.php?rest_route=%2Fwp%2Fv2%2Fmedia&parent=9880"}],"curies":[{"name":"wp","href":"https:\/\/api.w.org\/{rel}","templated":true}]}}