{"id":9884,"date":"2025-11-25T10:25:21","date_gmt":"2025-11-25T10:25:21","guid":{"rendered":"https:\/\/hubertpietka.bialystok.pl\/?page_id=9884"},"modified":"2025-11-25T10:25:21","modified_gmt":"2025-11-25T10:25:21","slug":"bestii-obludy-wyrazy-i-lajdakow-ku-zlu-zawsze-dla-dzieci-bozych-tych","status":"publish","type":"page","link":"https:\/\/hubertpietka.bialystok.pl\/?page_id=9884","title":{"rendered":"Bestii ob\u0142udy wyrazy i \u0142ajdak\u00f3w \/ ku z\u0142u zawsze &#8211; dla dzieci Bo\u017cych tych"},"content":{"rendered":"\n<p>Czy to \u017ce wyra\u017cam czasem jakie\u015b<br>Rozgoryczenie wobec mojej \u017cony<br>Oznacza \u017ce j\u0105 nie kocham<br>Jak chcia\u0142yby te bestie<br>By to interpretowa\u0107 i \u0142ajdaki<br>Bo tak im \u0142atwiej spe\u0142nia\u0107<br>Swoje zbrodnie pod tym pretekstem<br>Do kt\u00f3rych d\u0105\u017c\u0105 na chyba<br>Wszystkie mo\u017cliwe sposoby i u<br>Tych bestii \u0142ajdak\u00f3w wbrew pozorom<br>Nic nie jest przypadkowe<br>\u017badne ich d\u0105\u017cenia szata\u0144skie z\u0142owrogie<\/p>\n\n\n\n<p>Czy raczej jest to mo\u017ce<br>Wyrazem cho\u0107by rozdra\u017cnienia pr\u00f3b\u0105<br>Przez nich wszystkich niemal<br>Na ka\u017cdym kroku nam naszemu<br>I naszym z\u0142a uczynienia jakiegokolwiek<br>Czy to nie jest czasem<br>Wyraz przesilenia przemocy tych bestii<br>I \u0142ajdak\u00f3w wszelkich kt\u00f3r\u0105<br>Nas chc\u0105 zmia\u017cd\u017cy\u0107 ob\u0142udy wyrazem<br>Ka\u017cdym perfidnym pod\u0142ym wsz\u0119dzie zawsze<\/p>\n\n\n\n<p>Bestie i \u0142ajdaki wszystko interpretuj\u0105<br>Na sw\u00f3j k\u0142amliwy spos\u00f3b<br>By to mog\u0142o s\u0142u\u017cy\u0107 ich<br>Przemocowym ob\u0142udnym d\u0105\u017ceniom do zbrodni<br>Na niej na mnie naszym<br>Naszych i innych niewinnych nienawi\u015bci<br>Wszelkich zepsutych wewn\u0119trznie ob\u0142ud\u0105 szata\u0144sk\u0105<br>Kt\u00f3rej Jezus za \u017cycia Swego<br>Nawet nie prostowa\u0142 za bardzo<br>Lecz wyst\u0119powa\u0142 przeciwko niej<br>Mocno twardo i tym kt\u00f3rzy si\u0119<br>Temu szata\u0144skiemu procederowi zbrodni poddaj\u0105<\/p>\n\n\n\n<p>A teraz czy u tych<br>Bestii jest to przypadkowe te\u017c<br>Cho\u0107by \u017ce jak jest miejsce<br>Na parkingu jedno jedyne<br>To jest w\u0142a\u015bnie pod\u0142ug nich<br>By mogli spe\u0142nia\u0107 swe przekr\u0119ty<br>Jak cho\u0107by z tym samochodem<br>Kt\u00f3ry przejecha\u0142 ca\u0142\u0105 Polsk\u0119<br>A tak zosta\u0142 ustawiony<br>By zas\u0142oni\u0107 kamer\u0119 parkingow\u0105<br>Wi\u0119c bestie tudzie\u017c \u0142ajdaki<br>Mogli co chc\u0105 z nim<br>Sobie zrobi\u0107 i oczywi\u015bcie<br>Tak jak pasuje ich pod\u0142o\u015bci<br>Ju\u017c nie odpala on wcale<br>U bestii wbrew pozorom<br>Ich chorym nic nie jest<br>Przypadkowe nawet takie rzeczy<br>Ma\u0142e by si\u0119 wydawa\u0142o<br>A samoch\u00f3d zosta\u0142 chyba ju\u017c<br>Skutecznie unieruchomiony znaj\u0105c pod\u0142o\u015b\u0107 bestii<br>Pod os\u0142on\u0105 nocy mo\u017cna przecie\u017c <br>Wszystko to zrobi\u0107 w momencie<br>Na przyk\u0142ad jak nie \u015bwiec\u0105<br>Lampy a jest zmrok zewn\u0119trzny<br>Lampy mo\u017cna przecie\u017c sobie sterowa\u0107<br>Ich gaszenie zapalanie wedle upodobania<\/p>\n\n\n\n<p>A teraz z t\u0105 przyczepk\u0105<br>Maj\u0105 te\u017c bestie tudzie\u017c \u0142ajdaki<br>Co\u015b zrobi\u0107 odpowiednio<br>Co z tego \u017ce<br>Strze\u017cony parking czy kamery<br>Maj\u0105 na wszystko swe sposoby<br>Te bestie by co\u015b zepsu\u0107<br>Nam odpowiednio czy zniszczy\u0107<br>Jak z tym Paskiem przywo\u0142anym<br>Tu chwil\u0119 wcze\u015bniej<br>A kt\u00f3\u017c si\u0119 oprze<br>Przemocy czy przekupstwu tych bestii<br>Wszelkiemu przeciwko tym Bo\u017cym dzieciom<br>Szanta\u017cowa\u0107 przecie\u017c mog\u0105 szata\u0144sko<br>Na wszelkie sposoby te\u017c oni<br>Bestie wierutne w k\u0142amstwie przemocy<br>D\u0105\u017ceniu ku wszelkim szata\u0144skim zbrodniom<\/p>\n\n\n\n<figure class=\"wp-block-gallery has-nested-images columns-default is-cropped wp-block-gallery-1 is-layout-flex wp-block-gallery-is-layout-flex\">\n<figure class=\"wp-block-image size-large\"><a href=\"https:\/\/hubertpietka.bialystok.pl\/wp-content\/uploads\/2025\/11\/1000036398.jpg\"><img loading=\"lazy\" decoding=\"async\" width=\"771\" height=\"1024\" data-id=\"9885\" src=\"https:\/\/hubertpietka.bialystok.pl\/wp-content\/uploads\/2025\/11\/1000036398-771x1024.jpg\" alt=\"\" class=\"wp-image-9885\" srcset=\"https:\/\/hubertpietka.bialystok.pl\/wp-content\/uploads\/2025\/11\/1000036398-771x1024.jpg 771w, https:\/\/hubertpietka.bialystok.pl\/wp-content\/uploads\/2025\/11\/1000036398-226x300.jpg 226w, https:\/\/hubertpietka.bialystok.pl\/wp-content\/uploads\/2025\/11\/1000036398-768x1021.jpg 768w, https:\/\/hubertpietka.bialystok.pl\/wp-content\/uploads\/2025\/11\/1000036398-1156x1536.jpg 1156w, https:\/\/hubertpietka.bialystok.pl\/wp-content\/uploads\/2025\/11\/1000036398.jpg 1204w\" sizes=\"auto, (max-width: 771px) 100vw, 771px\" \/><\/a><\/figure>\n<\/figure>\n\n\n\n<p><em>Na zdj. &#8222;Jak pies z kotem&#8221;<br>Przys\u0142owie cho\u0107by takie i te\u017c<br>Nie znaj\u0105 oczywi\u015bcie bydlacy przys\u0142owia<br>&#8222;Kto si\u0119 czubi ten si\u0119<br>Te\u017c odpowiednio jako\u015b lubi&#8221;<br>Bo tak pasuje bestii ob\u0142udzie<br>I wszelkich \u0142ajdak\u00f3w pod\u0142ug nich<br>Je\u015bli se bestie upatrzy\u0142y zbrodnie<br>To nic nie jest<br>U nich przypadkowe<br>Poprzez ob\u0142ud\u0119 pod\u0142\u0105 ku zbrodniom<br>Kt\u00f3r\u0105 si\u0119 kieruj\u0105 nieustannie<br>Wszystko jest u nich przecie\u017c<br>Pod\u0142ug szata\u0144skiego paradygmatu wszelkiej przemocy<br>I wprost i ukrytej<br>Ku z\u0142a ich zbrodniom<br>Tylko wszystko pod\u0142ug tych bestii<br>Ma wygl\u0105da\u0107 odpowiednio zachowa\u0107 pozory<br>\u017be oni niby nic<br>\u017be niby przypadkiem agresja zniszczenia<br>Cho\u0107by tych bestii i \u0142ajdak\u00f3w<br>Jezu ufam Tobie<br>Wbrew tej wszelkiej przemocy ob\u0142udy<br>Tych wszystkich o sercach zepsutych<br>D\u0105\u017ceniami ku z\u0142u dla nas<br>Naszego i naszych ave Maria<\/em><\/p>\n\n\n\n<p><strong><em><a href=\"https:\/\/youtu.be\/U6syVC_T3jk?si=gPBSibwgiFtTjLwf\">Stare Dobre Ma\u0142\u017ce\u0144stwo &#8211; Nie pytaj (Schronisko Anio\u0142\u00f3w 2024)<\/a><\/em><\/strong><\/p>\n","protected":false},"excerpt":{"rendered":"<p>Czy to \u017ce wyra\u017cam czasem jakie\u015bRozgoryczenie wobec mojej \u017conyOznacza \u017ce j\u0105 nie kochamJak chcia\u0142yby te bestieBy to interpretowa\u0107 i \u0142ajdakiBo tak im \u0142atwiej spe\u0142nia\u0107Swoje zbrodnie&hellip; <\/p>\n","protected":false},"author":1,"featured_media":0,"parent":0,"menu_order":0,"comment_status":"closed","ping_status":"closed","template":"","meta":{"footnotes":""},"class_list":["post-9884","page","type-page","status-publish","hentry"],"_links":{"self":[{"href":"https:\/\/hubertpietka.bialystok.pl\/index.php?rest_route=\/wp\/v2\/pages\/9884","targetHints":{"allow":["GET"]}}],"collection":[{"href":"https:\/\/hubertpietka.bialystok.pl\/index.php?rest_route=\/wp\/v2\/pages"}],"about":[{"href":"https:\/\/hubertpietka.bialystok.pl\/index.php?rest_route=\/wp\/v2\/types\/page"}],"author":[{"embeddable":true,"href":"https:\/\/hubertpietka.bialystok.pl\/index.php?rest_route=\/wp\/v2\/users\/1"}],"replies":[{"embeddable":true,"href":"https:\/\/hubertpietka.bialystok.pl\/index.php?rest_route=%2Fwp%2Fv2%2Fcomments&post=9884"}],"version-history":[{"count":1,"href":"https:\/\/hubertpietka.bialystok.pl\/index.php?rest_route=\/wp\/v2\/pages\/9884\/revisions"}],"predecessor-version":[{"id":9886,"href":"https:\/\/hubertpietka.bialystok.pl\/index.php?rest_route=\/wp\/v2\/pages\/9884\/revisions\/9886"}],"wp:attachment":[{"href":"https:\/\/hubertpietka.bialystok.pl\/index.php?rest_route=%2Fwp%2Fv2%2Fmedia&parent=9884"}],"curies":[{"name":"wp","href":"https:\/\/api.w.org\/{rel}","templated":true}]}}