{"id":9892,"date":"2025-11-28T10:07:29","date_gmt":"2025-11-28T10:07:29","guid":{"rendered":"https:\/\/hubertpietka.bialystok.pl\/?page_id=9892"},"modified":"2025-11-28T10:07:29","modified_gmt":"2025-11-28T10:07:29","slug":"obluda-sluzalcow-bestii-przemoc-na-uslugach-szatanskich-zbrodni","status":"publish","type":"page","link":"https:\/\/hubertpietka.bialystok.pl\/?page_id=9892","title":{"rendered":"Ob\u0142uda s\u0142u\u017calc\u00f3w bestii \/ przemoc na us\u0142ugach &#8211; szata\u0144skich zbrodni"},"content":{"rendered":"\n<p>Jak tylko m\u00f3j samoch\u00f3d<br>Stoi na nieutwardzonym to<br>Od razu si\u0119 pojawiaj\u0105<br>Jedne czy drugie sprzedajne \u0142achudry<br>Przecie\u017c tu jest tyle miejsc<br>Do zaparkowania zawsze nie wiedz\u0105<br>Nie widz\u0105 przecie\u017c nic<br>Co nie pasuje przemocy bestii<br>Takie s\u0142u\u017cbowe bydlaki \u017ce tu<br>S\u0105 wsz\u0119dzie budowy wok\u00f3\u0142<br>I ubywa w\u0142a\u015bciwych miejsc parkowania<br>I ci misiowi i grodzcy<br>S\u0142u\u017cbi\u015bci szatana i bestii<br>Bo przecie\u017c nie niewinnych prze\u015bladowanych<br>Przez te bestie i takie<br>Cho\u0107by \u0142achudry s\u0142u\u017cbowe zawsze wsz\u0119dzie<br>A wykonuj\u0105 tylko swoj\u0105 prac\u0119<br>Tak pod\u0142ug bestii imperatywu zbrodni<br>Na naszych i naszym ob\u0142udnicy<br>A to \u017ce s\u0142u\u017cbi\u015bci<br>To jeszcze gorzej bo to<br>Przypomina s\u0142awetne czasu komuny nierz\u0105dnej<br>Tu w Polsce masakra po prostu<br>Z takimi \u0142ajdakami wszelkimi<br>Bydlacz\u0105cy przecie\u017c zawsze pod\u0142ug bestii<br>Zawodowymi prywatnymi i s\u0142u\u017cbowymi w\u0142a\u015bnie<\/p>\n\n\n\n<p>Bo tam przecie\u017c to prostackie<br>Ta\u0142atajstwo bohaterowie bestii jak cho\u0107by<br>Tacy \u0142ajdaccy s\u0142u\u017cbi\u015bci napada\u0107 maj\u0105<br>Zapewne na bezbronn\u0105 kobiet\u0119<br>Szata\u0144stwo bestii i wszelkich \u0142ajdak\u00f3w<br>Nie ma przecie\u017c \u017cadnych granic<br>Ob\u0142uda ku przemocy bydlak\u00f3w wszelkich<br>Kosmos co oni robi\u0105 wszyscy<br>Z t\u0105 biedn\u0105 Polsk\u0105<br>Pod\u0142ug niesko\u0144czonej ob\u0142udy szata\u0144skich zbrodni<br>Wszelkich na nas naszych naszym<br>Ob\u0142uda galopuj\u0105ca ku zbrodniom zawsze<br>Po prostu masakra bestii przemocy<br>W r\u0119kach takich \u0142ajdak\u00f3w cho\u0107by<\/p>\n\n\n\n<figure class=\"wp-block-gallery has-nested-images columns-default is-cropped wp-block-gallery-1 is-layout-flex wp-block-gallery-is-layout-flex\">\n<figure class=\"wp-block-image size-large\"><a href=\"https:\/\/hubertpietka.bialystok.pl\/wp-content\/uploads\/2025\/11\/1000037001.jpg\"><img loading=\"lazy\" decoding=\"async\" width=\"771\" height=\"1024\" data-id=\"9893\" src=\"https:\/\/hubertpietka.bialystok.pl\/wp-content\/uploads\/2025\/11\/1000037001-771x1024.jpg\" alt=\"\" class=\"wp-image-9893\" srcset=\"https:\/\/hubertpietka.bialystok.pl\/wp-content\/uploads\/2025\/11\/1000037001-771x1024.jpg 771w, https:\/\/hubertpietka.bialystok.pl\/wp-content\/uploads\/2025\/11\/1000037001-226x300.jpg 226w, https:\/\/hubertpietka.bialystok.pl\/wp-content\/uploads\/2025\/11\/1000037001-768x1021.jpg 768w, https:\/\/hubertpietka.bialystok.pl\/wp-content\/uploads\/2025\/11\/1000037001-1156x1536.jpg 1156w, https:\/\/hubertpietka.bialystok.pl\/wp-content\/uploads\/2025\/11\/1000037001.jpg 1204w\" sizes=\"auto, (max-width: 771px) 100vw, 771px\" \/><\/a><\/figure>\n<\/figure>\n\n\n\n<p><em>Na zdj. B\u0142. ksi\u0105dz Jerzy prze\u015bladowany zamordowany<br>Przez s\u0142u\u017calc\u00f3w te\u017c zawodowych komuny<br>Bo o\u015bmieli\u0142 si\u0119 co\u015b m\u00f3wi\u0107<br>Przeciwko systemowi przemocy i ob\u0142udy<br>Przeciwko szata\u0144skim zbrodniom wszelkim zar\u00f3wno<br>Przeciwko prze\u015bladowaniom niewinnych bezbronnych ludzi<br>Historia si\u0119 wida\u0107 lubi powtarza\u0107<br>Bo to samo si\u0119 dzieje<br>Na naszych oczach i chyba<br>Nie tylko wobec nas<br>Cho\u0107by prze\u015bladowania s\u0142u\u017cbist\u00f3w zawodowych bestii<br>Wobec tych ma\u0142ych podpadni\u0119tych ich<br>Z\u0142owrogiej szata\u0144skiej nienawi\u015bci bo ta<br>Zawsze zmierza do z\u0142ych czyn\u00f3w<br>Wykorzystuj\u0105c do tego wszystkich<br>Kt\u00f3rzy nie maj\u0105 kr\u0119gos\u0142upa moralnego<br>By si\u0119 przeciwstawi\u0107 bestii zbrodniom<br>Przemocy i k\u0142amstwom ob\u0142udnym wszelkim<br>To si\u0119 znowu w tym<br>Biednym naszym kraju dzieje<br>Tu i teraz pod\u0142ug bestii<br>Historia zatoczy\u0142a swe ko\u0142o<br>Pod\u0142ug zepsutego paradygmatu totalitarnej w\u0142adzy<\/em><\/p>\n","protected":false},"excerpt":{"rendered":"<p>Jak tylko m\u00f3j samoch\u00f3dStoi na nieutwardzonym toOd razu si\u0119 pojawiaj\u0105Jedne czy drugie sprzedajne \u0142achudryPrzecie\u017c tu jest tyle miejscDo zaparkowania zawsze nie wiedz\u0105Nie widz\u0105 przecie\u017c nicCo&hellip; <\/p>\n","protected":false},"author":1,"featured_media":0,"parent":0,"menu_order":0,"comment_status":"closed","ping_status":"closed","template":"","meta":{"footnotes":""},"class_list":["post-9892","page","type-page","status-publish","hentry"],"_links":{"self":[{"href":"https:\/\/hubertpietka.bialystok.pl\/index.php?rest_route=\/wp\/v2\/pages\/9892","targetHints":{"allow":["GET"]}}],"collection":[{"href":"https:\/\/hubertpietka.bialystok.pl\/index.php?rest_route=\/wp\/v2\/pages"}],"about":[{"href":"https:\/\/hubertpietka.bialystok.pl\/index.php?rest_route=\/wp\/v2\/types\/page"}],"author":[{"embeddable":true,"href":"https:\/\/hubertpietka.bialystok.pl\/index.php?rest_route=\/wp\/v2\/users\/1"}],"replies":[{"embeddable":true,"href":"https:\/\/hubertpietka.bialystok.pl\/index.php?rest_route=%2Fwp%2Fv2%2Fcomments&post=9892"}],"version-history":[{"count":1,"href":"https:\/\/hubertpietka.bialystok.pl\/index.php?rest_route=\/wp\/v2\/pages\/9892\/revisions"}],"predecessor-version":[{"id":9894,"href":"https:\/\/hubertpietka.bialystok.pl\/index.php?rest_route=\/wp\/v2\/pages\/9892\/revisions\/9894"}],"wp:attachment":[{"href":"https:\/\/hubertpietka.bialystok.pl\/index.php?rest_route=%2Fwp%2Fv2%2Fmedia&parent=9892"}],"curies":[{"name":"wp","href":"https:\/\/api.w.org\/{rel}","templated":true}]}}