{"id":9896,"date":"2025-11-29T21:03:49","date_gmt":"2025-11-29T21:03:49","guid":{"rendered":"https:\/\/hubertpietka.bialystok.pl\/?page_id=9896"},"modified":"2025-11-29T21:09:05","modified_gmt":"2025-11-29T21:09:05","slug":"krzyz-odwrocony-ze-klamstwa-zbrodnie-sa-ok-jesli-sluza-bestiom-lajdakom-wszelkim","status":"publish","type":"page","link":"https:\/\/hubertpietka.bialystok.pl\/?page_id=9896","title":{"rendered":"Krzy\u017c odwr\u00f3cony \/ \u017ce k\u0142amstwa zbrodnie s\u0105 ok &#8211; je\u015bli s\u0142u\u017c\u0105 bestiom \u0142ajdakom wszelkim"},"content":{"rendered":"\n<p>Jutro \u015bw. *<strong>An-drze-ja<\/strong>*<br>Nawet je\u015bli *<strong>An drze (ryja na) ja<\/strong>*<br>Na mnie a *<strong>Hubert-cyk<\/strong>*<br>W odpowiedzi jaki\u015b brzydki wulgaryzm<br>Nawet je\u015bli u niego nerwy<br>Przez bestie i \u0142ajdak\u00f3w poszarpane<br>A u niej panika<br>Z kr\u00f3tkowidztwa i przewra\u017cliwienia odpowiedniego<br>Te\u017c pod\u0142ug bestii i \u0142ajdak\u00f3w<br>Wszelkich d\u0105\u017c\u0105cych zawsze do jej<br>\u015amierci zniewolenia te\u017c dla mnie<br>To wierny sobie i Bogu<br>Sakrament ma\u0142\u017ce\u0144stwa jest niepodwa\u017calny<br>Nie s\u0105 to moje s\u0142owa<br>Lecz wyraz troski mi\u0142o\u015bci Bo\u017cej<br>O cz\u0142owieka i jego drog\u0119<\/p>\n\n\n\n<p>A szatan zawsze i jego<br>Wszelcy s\u0142udzy pr\u00f3buj\u0105 przedstawia\u0107 odwrotno\u015b\u0107<br>W swej niesko\u0144czenie pod\u0142ej ob\u0142udzie<br>Wed\u0142ug w\u0142asnego z\u0142ajdaczenia grzechami wszelkimi<br>\u015aw. Andrzej umar\u0142 na odwr\u00f3conym<br>Niejako krzy\u017cu Chrystusa co si\u0119<br>Sta\u0142o te\u017c w\u0142a\u015bnie symbolem szatana<br>Tak te\u017c przedstawiaj\u0105 ma\u0142\u017ce\u0144stwo duchowo\u015b\u0107<br>W spos\u00f3b odwrotny jako zaprzeczenie<br>Wierno\u015bci Bo\u017cej sobie wzajemnie cz\u0142owiecze\u0144stwu<br>Czyni\u0105c wszystko ulotnym niesta\u0142ym<br>Tak by m\u00f3c relatywizowa\u0107 te\u017c<br>Wszelkie podwa\u017ca\u0107 warto\u015bci Bo\u017ce<br>A z \u0142ajdaczenia zaprzeczenia wierno\u015bci<br>Uczyni\u0107 w tym chorym \u015bwiecie<br>Symbol mi\u0142o\u015bci prowadz\u0105cy tak naprawd\u0119<br>Do zniewolenia seksem hedonizmem nieuporz\u0105dkowaniem<br>Tak szatan dzia\u0142a i wszelcy<br>Mu s\u0142u\u017c\u0105cy czy wiedz\u0105<br>O tym czy nie<br>I nawet je\u015bli g\u0142osz\u0105c rozwi\u0105z\u0142o\u015b\u0107<br>Wszelk\u0105 m\u00f3wi\u0105 \u017ce chc\u0105 prawdziwego<br>Dobra cz\u0142owieka co jest k\u0142amstwem<br>Pod\u0142ug zreszt\u0105 ob\u0142udy szata\u0144skiej ka\u017cdej<\/p>\n\n\n\n<p>Podobnie te bestie \u0142ajdactwo wszelkie<br>Wszystko ob\u0142udnie k\u0142amliwie przedstawiaj\u0105 odwrotnie<br>Pr\u00f3buj\u0105c odwr\u00f3ci\u0107 odwieczny Bo\u017cy porz\u0105dek<br>Wszystkich ludzkich spraw i rzeczy<br>Morduj\u0105 mordowa\u0107 chc\u0105 dalej wsz\u0119dzie<br>Pod pozorem niby jakiej\u015b sprawiedliwo\u015bci<br>Chyba chorej \u017ce ci niby<br>Lepsi mog\u0105 dysponowa\u0107 \u017cyciem wszystkich<br>Tych kt\u00f3rych uznano szata\u0144sko ca\u0142kowicie<br>Za gorszych a najlepiej mordowa\u0107<br>R\u0119kami s\u0142u\u017cby zdrowia cho\u0107by<br>Kt\u00f3rzy powinni zawsze s\u0142u\u017cy\u0107 \u017cyciu<br>W bia\u0142ych r\u0119kawiczkach \u0142apy krwawe<br>Odwracaj\u0105 Bo\u017cy porz\u0105dek wobec cz\u0142owiecze\u0144stwa<br>Bo B\u00f3g m\u00f3wi niezmiennie<br>Nie zabijaj a oni<br>\u017be niby tak trzeba<br>\u017beby jak hitlerowcy stalini\u015bci ludzko\u015b\u0107<br>Z chorego wed\u0142ug nich elementu<br>Niby oczy\u015bci\u0107 to jest<br>Ta sama eksterminacja jak tamtych<br>I w to samo imi\u0119<br>Bogacenia si\u0119 pychy ludzkiej szatana<\/p>\n\n\n\n<figure class=\"wp-block-image size-large\"><a href=\"https:\/\/hubertpietka.bialystok.pl\/wp-content\/uploads\/2025\/11\/1000037166.jpg\"><img loading=\"lazy\" decoding=\"async\" width=\"1024\" height=\"771\" src=\"https:\/\/hubertpietka.bialystok.pl\/wp-content\/uploads\/2025\/11\/1000037166-1024x771.jpg\" alt=\"\" class=\"wp-image-9899\" srcset=\"https:\/\/hubertpietka.bialystok.pl\/wp-content\/uploads\/2025\/11\/1000037166-1024x771.jpg 1024w, https:\/\/hubertpietka.bialystok.pl\/wp-content\/uploads\/2025\/11\/1000037166-300x226.jpg 300w, https:\/\/hubertpietka.bialystok.pl\/wp-content\/uploads\/2025\/11\/1000037166-768x578.jpg 768w, https:\/\/hubertpietka.bialystok.pl\/wp-content\/uploads\/2025\/11\/1000037166-1536x1156.jpg 1536w, https:\/\/hubertpietka.bialystok.pl\/wp-content\/uploads\/2025\/11\/1000037166.jpg 1600w\" sizes=\"auto, (max-width: 1024px) 100vw, 1024px\" \/><\/a><\/figure>\n\n\n\n<p><em>Na zdj. *<strong>Kill Water<\/strong>* kapela szantowa w<br>Moim ulubionym Sze\u015bcianie<br>Nazwa jej w znaczeniu chyba<br>Pokona\u0107 przeciwno\u015bci dotrze\u0107 do celu<br>A jaki jest cel ich<br>Tych bestii i \u0142ajdak\u00f3w wszelkich<br>Zbrodnie wszelkie pod\u0142ug k\u0142amstw ob\u0142udy<br>Mordowa\u0107 dalej rabowa\u0107 bogaci\u0107 si\u0119<br>Czyim\u015b kosztem tych niby gorszych<br>Wszystkich takich chc\u0105 wyeksterminowa\u0107 szata\u0144sko<br>P\u0142awi\u0107 si\u0119 w zbrodniach k\u0142amstwach<br>Wobec nas naszego i naszych<br>Bo to ich cel g\u0142\u00f3wny<br>Pod\u0142ug przemocy ich i szatana<br>I innych kt\u00f3rzy nie pasuj\u0105<br>Ogl\u0105dowi bestii ich panowania<br>Nad \u015bwiatem pod\u0142ug imperatywu przemocy<\/em><\/p>\n\n\n\n<p><em>Oni ca\u0142kowicie ci\u0105gle odwracaj\u0105 krzy\u017c<br>Chrystusowy morduj\u0105c na nim<br>Chyba bez ko\u0144ca i m\u00f3wi\u0105<br>Te bestie ob\u0142\u0119dnie powtorne<br>\u017be to niby ma by\u0107<br>Wszystko ok i \u017ce ob\u0142uda<br>K\u0142amstwa s\u0105 spoko je\u015bli s\u0142u\u017c\u0105<br>Wtedy tylko tym bestiom<br>I \u0142ajdactwu wszelkiemu sprzedajnemu cho\u0107by<br>Te\u017c i wszelkie warto\u015bci cz\u0142owiecze\u0144stwa<br>To droga pychy ludzkiej bestii<br>Pod\u0142ug szatana zaprzeczenie porz\u0105dku Bo\u017cego<br>Ca\u0142kowite totalne wbrew wszelkim k\u0142amstwom<\/em><\/p>\n\n\n\n<p><strong><em><a href=\"https:\/\/youtu.be\/UefM8HiPt1g\">Lady Pank &#8211; Obok<\/a><\/em><\/strong><\/p>\n","protected":false},"excerpt":{"rendered":"<p>Jutro \u015bw. *An-drze-ja*Nawet je\u015bli *An drze (ryja na) ja*Na mnie a *Hubert-cyk*W odpowiedzi jaki\u015b brzydki wulgaryzmNawet je\u015bli u niego nerwyPrzez bestie i \u0142ajdak\u00f3w poszarpaneA u&hellip; <\/p>\n","protected":false},"author":1,"featured_media":0,"parent":0,"menu_order":0,"comment_status":"closed","ping_status":"closed","template":"","meta":{"footnotes":""},"class_list":["post-9896","page","type-page","status-publish","hentry"],"_links":{"self":[{"href":"https:\/\/hubertpietka.bialystok.pl\/index.php?rest_route=\/wp\/v2\/pages\/9896","targetHints":{"allow":["GET"]}}],"collection":[{"href":"https:\/\/hubertpietka.bialystok.pl\/index.php?rest_route=\/wp\/v2\/pages"}],"about":[{"href":"https:\/\/hubertpietka.bialystok.pl\/index.php?rest_route=\/wp\/v2\/types\/page"}],"author":[{"embeddable":true,"href":"https:\/\/hubertpietka.bialystok.pl\/index.php?rest_route=\/wp\/v2\/users\/1"}],"replies":[{"embeddable":true,"href":"https:\/\/hubertpietka.bialystok.pl\/index.php?rest_route=%2Fwp%2Fv2%2Fcomments&post=9896"}],"version-history":[{"count":2,"href":"https:\/\/hubertpietka.bialystok.pl\/index.php?rest_route=\/wp\/v2\/pages\/9896\/revisions"}],"predecessor-version":[{"id":9900,"href":"https:\/\/hubertpietka.bialystok.pl\/index.php?rest_route=\/wp\/v2\/pages\/9896\/revisions\/9900"}],"wp:attachment":[{"href":"https:\/\/hubertpietka.bialystok.pl\/index.php?rest_route=%2Fwp%2Fv2%2Fmedia&parent=9896"}],"curies":[{"name":"wp","href":"https:\/\/api.w.org\/{rel}","templated":true}]}}