{"id":9905,"date":"2025-12-01T10:00:09","date_gmt":"2025-12-01T10:00:09","guid":{"rendered":"https:\/\/hubertpietka.bialystok.pl\/?page_id=9905"},"modified":"2025-12-01T10:00:09","modified_gmt":"2025-12-01T10:00:09","slug":"ufnosc-w-bogu-wbrew-wszelkiej-obludzie-podlej-jakichkolwiek-ku-bestii-klamstwom-i-zbrodniom","status":"publish","type":"page","link":"https:\/\/hubertpietka.bialystok.pl\/?page_id=9905","title":{"rendered":"Ufno\u015b\u0107 w Bogu \/ wbrew wszelkiej ob\u0142udzie pod\u0142ej jakichkolwiek &#8211; ku bestii k\u0142amstwom i zbrodniom"},"content":{"rendered":"\n<p>Biedni ci wszyscy kt\u00f3rzy przyznaj\u0105<br>S\u0142uszno\u015b\u0107 bestii zbrodniom i ob\u0142udzie<br>Biedni ci wszyscy kt\u00f3rzy<br>W tym uczestnicz\u0105 bo potrafi\u0105<br>Przyzna\u0107 s\u0142uszno\u015b\u0107 temu a odmawiaj\u0105<br>Sprawiedliwo\u015bci Bogu i dzieciom Bo\u017cym<br>Biada tym wszystkim kt\u00f3rzy w<br>Ob\u0142udzie tych bestii ku zbrodniom<br>Jakkolwiek wsp\u00f3\u0142uczestnicz\u0105 zawodowym prywatnym s\u0142u\u017cbowym<br>Bo t\u0105 ob\u0142ud\u0105 ku przemocy<br>Tych bestii \u015bcigaj\u0105 nas chyba<br>Na ka\u017cdym kroku potrafi\u0105 przyzna\u0107<br>S\u0142uszno\u015b\u0107 bestii k\u0142amstwom i zbrodniom<br>A odmawiaj\u0105 tej s\u0142uszno\u015bci Bogu<br>\u017be o tych bestiach<br>Ju\u017c nawet nie wspomn\u0119<br>Oni wprost s\u0142u\u017c\u0105 szatana potworno\u015bciom<br>Odziedzicz\u0105 piek\u0142o oni wszyscy<br>Je\u015bli si\u0119 nie nawr\u00f3c\u0105<br>Z ob\u0142udy s\u0142u\u017cenia k\u0142amstwom z\u0142u<\/p>\n\n\n\n<p>A teraz te bandyckie mi\u015bki<br>I inni bestii s\u0142u\u017calcy zawodowi <br>Wszelcy zreszt\u0105 s\u0142u\u017cbi\u015bci powinni przyj\u0105\u0107<br>Chyba nazwy z epoki PRL-u<br>Na nowo bo s\u0142u\u017c\u0105 totalno\u015bci<br>Przemocy ku z\u0142u tych bestii<br>Takimi samymi metodami jak wtedy<br>Byleby tylko sfingowa\u0107 we wsp\u00f3\u0142pracy<br>Z bydlakami i bestiami<br>Jakie\u015b chory dowody niby naszego<br>Do spo\u0142eczno\u015bci nie przystosowania<br>Byleby tylko bestie osi\u0105gn\u0105\u0107 mog\u0142y<br>Wszelkie zbrodnie swoje cho\u0107by przez<br>Odpowiednio sfingowane nagrania wykadrowania pod\u0142e<br>Tym ci ob\u0142udnicy przecie\u017c r\u00f3\u017cni<br>\u015acigaj\u0105 nas na ka\u017cdym kroku<br>By ob\u0142udnicy s\u0142u\u017cbowi mogli sfinalizowa\u0107<br>Wszelkie zbrodnie ob\u0142\u0119dne tych bestii<\/p>\n\n\n\n<p>A teraz sytuacja stara nowa<br>Bo \u017con\u0119 ob\u0142ud\u0105 bestii<br>Ku przemocy zbrodni mo\u017cna \u015bciga\u0107<br>Na ka\u017cdym kroku a tu<br>Na nowo dochodzi przecie\u017c szko\u0142a<br>Z kt\u00f3rej bestie uczyni\u0142y<br>Miejsce zepsucia poprzez ob\u0142udnik\u00f3w wszelkich<br>Dla swych zbrodni wsp\u00f3\u0142pracownik\u00f3w dzieci<br>Taki chory \u015bwiat systemu totalitarnego<br>Z\u0142a dla nas tych bestii<br>I ob\u0142udnik\u00f3w pod\u0142ug nich wszelakich<br>A nawet zbrodniarzy pod\u0142ug bestii<br>Przecie\u017c uczestnictwo w zbrodniach z\u0142a<br>Mo\u017ce by\u0107 egalitarne ka\u017cdy mo\u017ce<br>Wsp\u00f3\u0142uczestniczy\u0107 przecie\u017c w ob\u0142udzie<br>Ku zbrodniom bestii wszelkim<br>Nie ku dobru dla tych<br>Dzieci Bo\u017cych w Bogu<br>Lecz ku zbrodniom pod\u0142ug szatana<br>Tych bestii szata\u0144stwa to przecie\u017c<br>Mo\u017ce ka\u017cdy w tym zepsutym<br>Wszelkim z\u0142em najgorszym \u015bwiecie bestii<\/p>\n\n\n\n<p><strong>A teraz biedni owi ob\u0142udnicy <br>Wszyscy jak\u017ce biedni ci wszyscy<br>B\u0119d\u0105 kiedy\u015b kt\u00f3rzy uczestnicz\u0105<br>W zbrodniach k\u0142amstwach ob\u0142udzie bestii<br>W jakikolwiek spos\u00f3b zreszt\u0105<br>Zawodowi prywatni s\u0142u\u017cbowi tam jacy<br>Bestii z\u0142o chwal\u0105c s\u0142uszno\u015b\u0107 im<br>Przyznaj\u0105c odmawiaj\u0105c elementarnej dzieciom Bo\u017cym<br>Niewinnych przecie\u017c nienawi\u015bci szata\u0144skiej bestii<br>Kolejne biada tu wybrzmie\u0107 mia\u0142o<br>Kto pos\u0142uch da si\u0119 nawr\u00f3ci<br>A inni si\u0119 ca\u0142kowicie zepsuj\u0105<br>Pod\u0142ug ob\u0142udy ku zbrodniom bestii<br>Wystawiaj\u0105c si\u0119 na \u015bmier\u0107 wieczn\u0105<\/strong><\/p>\n\n\n\n<figure class=\"wp-block-gallery has-nested-images columns-default is-cropped wp-block-gallery-1 is-layout-flex wp-block-gallery-is-layout-flex\">\n<figure class=\"wp-block-image size-large\"><a href=\"https:\/\/hubertpietka.bialystok.pl\/wp-content\/uploads\/2025\/12\/1000037299.jpg\"><img loading=\"lazy\" decoding=\"async\" width=\"771\" height=\"1024\" data-id=\"9906\" src=\"https:\/\/hubertpietka.bialystok.pl\/wp-content\/uploads\/2025\/12\/1000037299-771x1024.jpg\" alt=\"\" class=\"wp-image-9906\" srcset=\"https:\/\/hubertpietka.bialystok.pl\/wp-content\/uploads\/2025\/12\/1000037299-771x1024.jpg 771w, https:\/\/hubertpietka.bialystok.pl\/wp-content\/uploads\/2025\/12\/1000037299-226x300.jpg 226w, https:\/\/hubertpietka.bialystok.pl\/wp-content\/uploads\/2025\/12\/1000037299-768x1021.jpg 768w, https:\/\/hubertpietka.bialystok.pl\/wp-content\/uploads\/2025\/12\/1000037299-1156x1536.jpg 1156w, https:\/\/hubertpietka.bialystok.pl\/wp-content\/uploads\/2025\/12\/1000037299.jpg 1204w\" sizes=\"auto, (max-width: 771px) 100vw, 771px\" \/><\/a><\/figure>\n<\/figure>\n\n\n\n<p><em>Nie mo\u017cna przyznawa\u0107 s\u0142uszno\u015bci z\u0142u<br>Odmawiaj\u0105c elementarnej dzieciom Bo\u017cym Bogu<br>I niech nie szukaj\u0105 wybiegu<br>Inni znieprawieni \u017ce mo\u017ce dziecko<br>Bo nie b\u0119dzie \u017cadnego dziecka<br>Powiedzia\u0142em i tego nie zmieni\u0119<br>Jest to finalne wypowiedzenie<br>W tej kwestii wybiegu wobec<br>Przyznawania s\u0142uszno\u015bci zbrodniom ob\u0142udzie bestii<br>Koniec kropka nie \u0142ud\u017acie si\u0119<br>Albo my przetrwamy w Bogu<br>Ja z \u017con\u0105 nasze nasi<br>I inne dzieci Bo\u017ce<br>Albo odziedziczycie spustoszenie wszelkie kra\u0144cowe<br>To kt\u00f3remu w ob\u0142udzie s\u0142u\u017cycie<br>Nie ma drogi innej<br>A B\u00f3g i tak zwyci\u0119\u017cy<br>Bo nie mo\u017ce zwyci\u0119\u017cy\u0107 z\u0142o<br>Bestii szatana ob\u0142udnik\u00f3w wszelakich Boga<br>W taki czy inny spos\u00f3b<br>To si\u0119 stanie<br>Nie ma i nie b\u0119dzie<br>Innej drogi powiedzia\u0142em na zawsze<br>Tak zreszt\u0105 jak m\u00f3wi\u0119 wszystko<br>Pod\u0142ug prawdy Bo\u017cej wsz\u0119dzie zawsze<\/em><\/p>\n","protected":false},"excerpt":{"rendered":"<p>Biedni ci wszyscy kt\u00f3rzy przyznaj\u0105S\u0142uszno\u015b\u0107 bestii zbrodniom i ob\u0142udzieBiedni ci wszyscy kt\u00f3rzyW tym uczestnicz\u0105 bo potrafi\u0105Przyzna\u0107 s\u0142uszno\u015b\u0107 temu a odmawiaj\u0105Sprawiedliwo\u015bci Bogu i dzieciom Bo\u017cymBiada tym&hellip; <\/p>\n","protected":false},"author":1,"featured_media":0,"parent":0,"menu_order":0,"comment_status":"closed","ping_status":"closed","template":"","meta":{"footnotes":""},"class_list":["post-9905","page","type-page","status-publish","hentry"],"_links":{"self":[{"href":"https:\/\/hubertpietka.bialystok.pl\/index.php?rest_route=\/wp\/v2\/pages\/9905","targetHints":{"allow":["GET"]}}],"collection":[{"href":"https:\/\/hubertpietka.bialystok.pl\/index.php?rest_route=\/wp\/v2\/pages"}],"about":[{"href":"https:\/\/hubertpietka.bialystok.pl\/index.php?rest_route=\/wp\/v2\/types\/page"}],"author":[{"embeddable":true,"href":"https:\/\/hubertpietka.bialystok.pl\/index.php?rest_route=\/wp\/v2\/users\/1"}],"replies":[{"embeddable":true,"href":"https:\/\/hubertpietka.bialystok.pl\/index.php?rest_route=%2Fwp%2Fv2%2Fcomments&post=9905"}],"version-history":[{"count":1,"href":"https:\/\/hubertpietka.bialystok.pl\/index.php?rest_route=\/wp\/v2\/pages\/9905\/revisions"}],"predecessor-version":[{"id":9907,"href":"https:\/\/hubertpietka.bialystok.pl\/index.php?rest_route=\/wp\/v2\/pages\/9905\/revisions\/9907"}],"wp:attachment":[{"href":"https:\/\/hubertpietka.bialystok.pl\/index.php?rest_route=%2Fwp%2Fv2%2Fmedia&parent=9905"}],"curies":[{"name":"wp","href":"https:\/\/api.w.org\/{rel}","templated":true}]}}