{"id":9909,"date":"2025-12-01T22:12:49","date_gmt":"2025-12-01T22:12:49","guid":{"rendered":"https:\/\/hubertpietka.bialystok.pl\/?page_id=9909"},"modified":"2025-12-01T22:12:49","modified_gmt":"2025-12-01T22:12:49","slug":"niewyobrazalne-szatanstwo-tych-bestii-dotyka-polske-podlug-tez-wspolpracy-w-obludzie-ku-zbrodniom-wszelakich-skorumpowanych-sprzedawczykowstwem-chocby-wartosci-bozych-bestii-przydupasow","status":"publish","type":"page","link":"https:\/\/hubertpietka.bialystok.pl\/?page_id=9909","title":{"rendered":"Niewyobra\u017calne szata\u0144stwo tych bestii \/ dotyka Polsk\u0119 pod\u0142ug te\u017c wsp\u00f3\u0142pracy &#8211; w ob\u0142udzie ku zbrodniom \/ wszelakich skorumpowanych sprzedawczykowstwem &#8211; cho\u0107by warto\u015bci Bo\u017cych \/ bestii przydupas\u00f3w"},"content":{"rendered":"\n<p>Powali\u0142o te bestie i \u0142ajdacz\u0105cych<br>Pod\u0142ug nich w ob\u0142udzie wymiernie<br>\u017be my ostatnie 15 tysi<br>Z kredytu wydamy na piece<br>Ich restauracje (sic!) tak to<br>Wyceni\u0142 zdun pod\u0142ug tych bestii<br>Nie \u0142udz\u0119 si\u0119 nawet<br>\u017be jest tu co\u015b inaczej<br>By\u0142 przecie\u017c widzia\u0142 t\u0105 chatk\u0119<br>Puchatka w kt\u00f3rej my wszystko<br>Niemal z odzysku a teraz<br>Ostatnie pieni\u0105dze wydamy na piece<br>Powali\u0142o chyba totalnie te bestie<br>&#8222;Cztery k\u0105ty a piec pi\u0105ty&#8221;<br>A pod\u0142ug bestii b\u0119d\u0105 zapewne<br>\u015awieci\u0142y w oczy te piece<br>&#8222;To nic \u017ce na wod\u0119 to pic&#8221;<br>Byleby tylko nas sp\u0142awi\u0107 sp\u0142uka\u0107<br>Bo przy okazji si\u0119 sp\u0142ukamy<br>Ob\u0142uda bestii \u0142ajdak\u00f3w wr\u0119cz niewymowna<br>Bo by\u0142 ten zdun widzia\u0142<br>&#8222;Wi\u0119c niech greka nie udaje&#8221;<br>Pod\u0142ug ob\u0142udy tych bestii totalnej<\/p>\n\n\n\n<figure class=\"wp-block-gallery has-nested-images columns-default is-cropped wp-block-gallery-1 is-layout-flex wp-block-gallery-is-layout-flex\">\n<figure class=\"wp-block-image size-large\"><a href=\"https:\/\/hubertpietka.bialystok.pl\/wp-content\/uploads\/2025\/12\/1000037317-scaled.jpg\"><img loading=\"lazy\" decoding=\"async\" width=\"1024\" height=\"771\" data-id=\"9910\" src=\"https:\/\/hubertpietka.bialystok.pl\/wp-content\/uploads\/2025\/12\/1000037317-1024x771.jpg\" alt=\"\" class=\"wp-image-9910\" srcset=\"https:\/\/hubertpietka.bialystok.pl\/wp-content\/uploads\/2025\/12\/1000037317-1024x771.jpg 1024w, https:\/\/hubertpietka.bialystok.pl\/wp-content\/uploads\/2025\/12\/1000037317-300x226.jpg 300w, https:\/\/hubertpietka.bialystok.pl\/wp-content\/uploads\/2025\/12\/1000037317-768x578.jpg 768w, https:\/\/hubertpietka.bialystok.pl\/wp-content\/uploads\/2025\/12\/1000037317-1536x1157.jpg 1536w, https:\/\/hubertpietka.bialystok.pl\/wp-content\/uploads\/2025\/12\/1000037317-2048x1542.jpg 2048w\" sizes=\"auto, (max-width: 1024px) 100vw, 1024px\" \/><\/a><\/figure>\n<\/figure>\n\n\n\n<p>A teraz m\u00f3j samoch\u00f3d ju\u017c<br>Za\u0142atwili skutecznie \u0142ajdaki czy bestie<br>Wi\u0119c teraz to samo<br>Chc\u0105 zrobi\u0107 z samochodem \u017cony<br>Otoczy\u0107 go du\u017cymi by zas\u0142oni\u0107<br>Od ingerencji kamery niepo\u017c\u0105danej tutaj<br>By z nim te\u017c zrobi\u0107<br>Co chc\u0105 bestie zapewne unieruchomi\u0107<br>Czy co tam i zreszt\u0105<br>Przecie\u017c te bestie dzia\u0142aj\u0105 ci\u0105gle<br>Takimi samymi szata\u0144skimi z\u0142a schematami<br>A wiadomo \u017ce ka\u017cde szata\u0144stwo<br>Czyni\u0107 najlepiej pod os\u0142on\u0105 nocy<br>Lubi\u0105 tak w\u0142a\u015bnie te bestie<br>I wszelcy \u0142ajdacy pod\u0142ug nich<\/p>\n\n\n\n<figure class=\"wp-block-gallery has-nested-images columns-default is-cropped wp-block-gallery-2 is-layout-flex wp-block-gallery-is-layout-flex\">\n<figure class=\"wp-block-image size-large\"><a href=\"https:\/\/hubertpietka.bialystok.pl\/wp-content\/uploads\/2025\/12\/1000037325-scaled.jpg\"><img loading=\"lazy\" decoding=\"async\" width=\"771\" height=\"1024\" data-id=\"9911\" src=\"https:\/\/hubertpietka.bialystok.pl\/wp-content\/uploads\/2025\/12\/1000037325-771x1024.jpg\" alt=\"\" class=\"wp-image-9911\" srcset=\"https:\/\/hubertpietka.bialystok.pl\/wp-content\/uploads\/2025\/12\/1000037325-771x1024.jpg 771w, https:\/\/hubertpietka.bialystok.pl\/wp-content\/uploads\/2025\/12\/1000037325-226x300.jpg 226w, https:\/\/hubertpietka.bialystok.pl\/wp-content\/uploads\/2025\/12\/1000037325-768x1020.jpg 768w, https:\/\/hubertpietka.bialystok.pl\/wp-content\/uploads\/2025\/12\/1000037325-1157x1536.jpg 1157w, https:\/\/hubertpietka.bialystok.pl\/wp-content\/uploads\/2025\/12\/1000037325-1542x2048.jpg 1542w, https:\/\/hubertpietka.bialystok.pl\/wp-content\/uploads\/2025\/12\/1000037325-scaled.jpg 1928w\" sizes=\"auto, (max-width: 771px) 100vw, 771px\" \/><\/a><\/figure>\n<\/figure>\n\n\n\n<p>Czy ta wierutnie k\u0142amliwe podwija<br>Zawsze czy tam jakie bydlaki<br>Zawsze tym \u0142ajdackim niby przypadkiem<br>Albo pod\u0142ug tez chorych wszelkich<br>Kt\u00f3re bardzo lubi\u0105 k\u0142amliwie udowadnia\u0107<br>Te bestie pod\u0142ug przemocy wszelkiej<br>Kt\u00f3r\u0105 dysponuj\u0105 prywatnych zawodowych s\u0142u\u017cbowych<br>Przecie\u017c ten skorumpowaniec bestii zbrodniami<br>Napada\u0107 sobie mo\u017ce wsz\u0119dzie zawsze<br>Tudzie\u017c inne \u0142ajdaki skr\u0119powane ob\u0142ud\u0105<br>Tych bestii ku ich zbrodniom<br>Ca\u0142kowicie szata\u0144skim cho\u0107by misie bandyckie<br>Czy tam jakie s\u0142u\u017cbowe \u0142ajdaki<br>A przecie\u017c tu na klatce<br>Drzwi zepsute niby przypadkowo znowu<br>By te mi\u015bki bandyckie po\u0142ajdaczy\u0107<br>Pod\u0142ug tych bestii se mog\u0142y<br>Zreszt\u0105 ta akurat bezpieka pod\u0142ug<br>Nomenklatury aktualnej znowu \u0142ajdaczy\u0107 se<br>Mo\u017ce wsz\u0119dzie i zawsze<br>Pod tam pozorem zreszt\u0105 jakim<br>Totalizm bestii ku przemocy ob\u0142udy<br>Dla nas musi by\u0107<br>W ko\u0144cu szata\u0144sko skonsumowany<br>Przecie\u017c bestie i \u0142ajdaki<br>Ju\u017c wytrzyma\u0107 nie mog\u0105<br>\u017be tacy ci\u0105gle wolni sobie<br>Po tej ziemi chodz\u0105<br>A nienawi\u015b\u0107 jest predykatywem zbrodni<br>Wi\u0119c ju\u017c chyba wytrzyma\u0107 ob\u0142udnicy<br>Wszelcy tego nie mog\u0105 biedaczki<\/p>\n\n\n\n<p>I na koniec partykularne por\u00f3wnanie<br>Mo\u017ce mi to kto\u015b wyt\u0142umaczy<br>Jak to jest \u017ce<br>Nekrologi przy cerkwiach obejmuj\u0105 zawsze<br>Albo prawie ponad osiemdziesi\u0119ciolatk\u00f3w<br>A przy ko\u015bcio\u0142ach z regu\u0142y<br>Oko\u0142o sze\u015b\u0107dziesi\u0105tki analogicznie<br>I to w najlepszym przypadku<br>Co to za eugenika pod\u0142ug wyznania<br>Wobec tego kim s\u0105 bestie<br>Skoro preferuj\u0105 prawos\u0142awie nad katolicyzmem<br>Roz\u015bwietlaj\u0105 cerkwie miejskie ko\u015bcio\u0142y przygaszaj\u0105c<br>I jak to jest<br>\u017be w kraju w kt\u00f3rym<br>Wi\u0119kszo\u015b\u0107 zdecydowana to katolicy<br>Nawet na tych terenach Polski<br>Nagle tak\u0105 dominacj\u0119 zyskuj\u0105 prawos\u0142awni<br>I wszelkie preferencje im si\u0119<br>Maj\u0105 nale\u017ce\u0107 kosztem nawet wida\u0107<br>\u017bycia katolik\u00f3w jak to mo\u017cliwe<br>Takie nagle odwr\u00f3cenie sytuacji analogicznie<br>Do komunizmu gdzie prawos\u0142awni ch\u0119tnie<br>Przecie\u017c wsp\u00f3\u0142pracowali z systemem totalitarnym<br>Co wida\u0107 te\u017c &#8222;nomen omen&#8221;<br>Po tym tam prostackim ta\u0142atajstwie<br>Wobec nas na tej wsi<br>A mo\u017ce im po prostu<br>\u0141atwiej uczestniczy\u0107 w ob\u0142udzie bestii<br>Ku wszelkiemu z\u0142u dla nas<br>I jak wida\u0107 tak\u017ce katolik\u00f3w<br>Chyba wszelkich kt\u00f3rzy zreszt\u0105 pod\u0142ug<br>Szatana zawsze wsz\u0119dzie s\u0105 byli<br>Na czarnej li\u015bcie przywo\u0142uj\u0105c cho\u0107by<br>Te totalizmy dwudziestowieczne faszyzm komunizm<br>Wrogiem szatana i s\u0142ug z\u0142a<br>S\u0105 katolicy zawsze najpierw<br>I w konsekwencji wybierania z\u0142a<br>Odrzucania Boga w prawdzie warto\u015bci<br>Tak zawsze post\u0119powa\u0142o szata\u0144stwo wszelkie<br>Nie tylko w historii Polski<br>Morduj\u0105c wszelkich niewinnych m\u0119czennik\u00f3w<br>Wobec tego kim s\u0105<br>Te bestie Boga wiernych wrogami<br>Co tu zosta\u0142o udowodnione finalnie<\/p>\n\n\n\n<figure class=\"wp-block-gallery has-nested-images columns-default is-cropped wp-block-gallery-3 is-layout-flex wp-block-gallery-is-layout-flex\">\n<figure class=\"wp-block-image size-large\"><a href=\"https:\/\/hubertpietka.bialystok.pl\/wp-content\/uploads\/2025\/12\/1000037316-scaled.jpg\"><img loading=\"lazy\" decoding=\"async\" width=\"771\" height=\"1024\" data-id=\"9912\" src=\"https:\/\/hubertpietka.bialystok.pl\/wp-content\/uploads\/2025\/12\/1000037316-771x1024.jpg\" alt=\"\" class=\"wp-image-9912\" srcset=\"https:\/\/hubertpietka.bialystok.pl\/wp-content\/uploads\/2025\/12\/1000037316-771x1024.jpg 771w, https:\/\/hubertpietka.bialystok.pl\/wp-content\/uploads\/2025\/12\/1000037316-226x300.jpg 226w, https:\/\/hubertpietka.bialystok.pl\/wp-content\/uploads\/2025\/12\/1000037316-768x1020.jpg 768w, https:\/\/hubertpietka.bialystok.pl\/wp-content\/uploads\/2025\/12\/1000037316-1157x1536.jpg 1157w, https:\/\/hubertpietka.bialystok.pl\/wp-content\/uploads\/2025\/12\/1000037316-1542x2048.jpg 1542w, https:\/\/hubertpietka.bialystok.pl\/wp-content\/uploads\/2025\/12\/1000037316-scaled.jpg 1928w\" sizes=\"auto, (max-width: 771px) 100vw, 771px\" \/><\/a><\/figure>\n<\/figure>\n\n\n\n<p><em>Zreszt\u0105 tak\u017ce pod\u0142ug metod z\u0142a<br>Morderczych i zniewolenia wobec nas<br>Naszych i naszego i zniszczenia<br>Kt\u00f3rym chc\u0105 ci\u0105gle nas eksterminowa\u0107<br>To te\u017c wida\u0107 chyba dobitnie<br>Jak szata\u0144skie totalnie s\u0105 te<br>Bestie i wszelcy post\u0119puj\u0105cy pod\u0142ug<br>Nich oczywi\u015bcie w preferowanej zawsze<br>Ob\u0142udzie ku zbrodniom tych bestii<\/em><\/p>\n","protected":false},"excerpt":{"rendered":"<p>Powali\u0142o te bestie i \u0142ajdacz\u0105cychPod\u0142ug nich w ob\u0142udzie wymiernie\u017be my ostatnie 15 tysiZ kredytu wydamy na pieceIch restauracje (sic!) tak toWyceni\u0142 zdun pod\u0142ug tych bestiiNie&hellip; <\/p>\n","protected":false},"author":1,"featured_media":0,"parent":0,"menu_order":0,"comment_status":"closed","ping_status":"closed","template":"","meta":{"footnotes":""},"class_list":["post-9909","page","type-page","status-publish","hentry"],"_links":{"self":[{"href":"https:\/\/hubertpietka.bialystok.pl\/index.php?rest_route=\/wp\/v2\/pages\/9909","targetHints":{"allow":["GET"]}}],"collection":[{"href":"https:\/\/hubertpietka.bialystok.pl\/index.php?rest_route=\/wp\/v2\/pages"}],"about":[{"href":"https:\/\/hubertpietka.bialystok.pl\/index.php?rest_route=\/wp\/v2\/types\/page"}],"author":[{"embeddable":true,"href":"https:\/\/hubertpietka.bialystok.pl\/index.php?rest_route=\/wp\/v2\/users\/1"}],"replies":[{"embeddable":true,"href":"https:\/\/hubertpietka.bialystok.pl\/index.php?rest_route=%2Fwp%2Fv2%2Fcomments&post=9909"}],"version-history":[{"count":1,"href":"https:\/\/hubertpietka.bialystok.pl\/index.php?rest_route=\/wp\/v2\/pages\/9909\/revisions"}],"predecessor-version":[{"id":9913,"href":"https:\/\/hubertpietka.bialystok.pl\/index.php?rest_route=\/wp\/v2\/pages\/9909\/revisions\/9913"}],"wp:attachment":[{"href":"https:\/\/hubertpietka.bialystok.pl\/index.php?rest_route=%2Fwp%2Fv2%2Fmedia&parent=9909"}],"curies":[{"name":"wp","href":"https:\/\/api.w.org\/{rel}","templated":true}]}}