{"id":9919,"date":"2025-12-03T09:15:12","date_gmt":"2025-12-03T09:15:12","guid":{"rendered":"https:\/\/hubertpietka.bialystok.pl\/?page_id=9919"},"modified":"2025-12-03T09:15:12","modified_gmt":"2025-12-03T09:15:12","slug":"boze-wielki-takie-skor-wielkie-boze-kochany-totalne-szatany","status":"publish","type":"page","link":"https:\/\/hubertpietka.bialystok.pl\/?page_id=9919","title":{"rendered":"Bo\u017ce Wielki \/ takie sk\u00f3r wielkie &#8211; Bo\u017ce kochany \/ totalne szatany"},"content":{"rendered":"\n<p>Sk\u00f3r wielkie szanta\u017c ob\u0142udny<br>U bestii to przecie\u017c codzienno\u015bci<br>Byleby tylko ku szata\u0144stwom swoim<br>Wszelkich ob\u0142udnych k\u0142amstw pod\u0142ych zbrodni<\/p>\n\n\n\n<p>Sk\u00f3r wielkie szata\u0144skie totalnie bestie<br>Zakazuj\u0105 \u017conie otwierania okien<br>A przecie\u017c wsz\u0119dzie tak w\u0142a\u015bnie<br>Gdzie jeste\u015bmy bywamy przebywamy<br>Bo wtedy zagazowa\u0107 \u0142atwiej szata\u0144sko<br>Cho\u0107by szatany przeciwniki stworze\u0144 Bo\u017cych<br>Nie tylko nas te zwierz\u0119ta<br>Te\u017c przecie\u017c strasznie przeszkadzaj\u0105<br>Szata\u0144stwom tych bestii \u0142ajdak\u00f3w wszelkich<br>Albo na balkonie zamkn\u0105\u0107 odpowiednio<br>By przy okazji to bydle<br>Mog\u0142o sobie tu poszabrowa\u0107 z\u0142em<br>Wszelkim ze szkod\u0105 dla nas<br>Pod\u0142ug tych niesko\u0144czenie szata\u0144skich bestii<\/p>\n\n\n\n<p>A teraz \u017ce ja bestie<br>&#8222;Po\u017car\u0142em te babeczki&#8221; czyli kandydatki<br>Bo wy je chcecie zabija\u0107<br>Bo przyzna\u0142y niejako s\u0142uszno\u015b\u0107 mej<br>Wiernej Bogu i \u017conie postawie<br>I to paradoksalnie i jakby<br>Zna\u0142y sprawy Bo\u017ce jak ja<br>Zna\u0107 je musz\u0119 to by<br>Do mnie \u017calu nie mia\u0142y<br>\u017be wybieram w Bogu wierno\u015b\u0107<br>\u017bonie \u017cyciu i postawom Bo\u017cym<br>A teraz te na wskro\u015b<br>Szata\u0144skie bestie \u017ce ja je<br>Niby po\u017car\u0142em by szatany wyst\u0119pne<br>Ca\u0142kowicie mog\u0142y spe\u0142nia\u0107 po\u017c\u0105dania swych<br>Wszelkich ob\u0142\u0119dnie chorych zbrodni<br>I \u017ce to niby jeszcze<br>Przez \u017con\u0119 bo ona mi<br>Je da\u0142a na wskro\u015b wykolejone<br>Wszelkim ob\u0142udnym z\u0142em te szatany<\/p>\n\n\n\n<p>A \u017con\u0119 zabija\u0107 mo\u017cna te\u017c<br>Przy okazji zawsze i wsz\u0119dzie<br>Zniewala\u0107 i mnie maj\u0105<br>Z\u0142o\u015bciom ob\u0142udnik\u00f3w wszelkich \u0142ajdackich<br>Zawodowych prywatnych i s\u0142u\u017cbowych<br>Skorumpowanych ca\u0142kowicie z\u0142em tych bestii<br>Pocz\u0105wszy od bandyckich mi\u015bk\u00f3w<br>A sko\u0144czywszy na s\u0142u\u017cbistach wszelkich<\/p>\n\n\n\n<p>Ale biedni ci wszyscy<br>Kt\u00f3rzy uczestnicz\u0105 w ob\u0142udzie bestii<br>Ku ich wszelkich zbrodniom<br>Za ka\u017cd\u0105 ob\u0142ud\u0119 odpowiedz\u0105 ludzie<br>Przed Bogiem zw\u0142aszcza ci pod\u0142ug<br>Bestii i szatana wszelkich zbrodni<\/p>\n\n\n\n<figure class=\"wp-block-gallery has-nested-images columns-default is-cropped wp-block-gallery-1 is-layout-flex wp-block-gallery-is-layout-flex\">\n<figure class=\"wp-block-image size-large\"><a href=\"https:\/\/hubertpietka.bialystok.pl\/wp-content\/uploads\/2025\/12\/1000037647.jpg\"><img loading=\"lazy\" decoding=\"async\" width=\"771\" height=\"1024\" data-id=\"9920\" src=\"https:\/\/hubertpietka.bialystok.pl\/wp-content\/uploads\/2025\/12\/1000037647-771x1024.jpg\" alt=\"\" class=\"wp-image-9920\" srcset=\"https:\/\/hubertpietka.bialystok.pl\/wp-content\/uploads\/2025\/12\/1000037647-771x1024.jpg 771w, https:\/\/hubertpietka.bialystok.pl\/wp-content\/uploads\/2025\/12\/1000037647-226x300.jpg 226w, https:\/\/hubertpietka.bialystok.pl\/wp-content\/uploads\/2025\/12\/1000037647-768x1021.jpg 768w, https:\/\/hubertpietka.bialystok.pl\/wp-content\/uploads\/2025\/12\/1000037647-1156x1536.jpg 1156w, https:\/\/hubertpietka.bialystok.pl\/wp-content\/uploads\/2025\/12\/1000037647.jpg 1204w\" sizes=\"auto, (max-width: 771px) 100vw, 771px\" \/><\/a><\/figure>\n<\/figure>\n\n\n\n<p><em>Bo\u017ce Wielki takie sk\u00f3r wielkie<br>Byleby tylko zabija\u0107 zniewala\u0107 niszczy\u0107<br>Bestie totalnie zepsute szata\u0144stwem wszelkim<br>I wszelcy \u0142ajdacz\u0105cy pod\u0142ug nich<br>W ob\u0142udzie ku zbrodniom<br>Wobec tych i innych te\u017c<br>Dzieci Bo\u017cych skorumpowane bestii szata\u0144stwem<br>Teraz kpi\u0105 sobie ale kiedy\u015b<br>Za wszystko zap\u0142ac\u0105 przed Bogiem<\/em><\/p>\n","protected":false},"excerpt":{"rendered":"<p>Sk\u00f3r wielkie szanta\u017c ob\u0142udnyU bestii to przecie\u017c codzienno\u015bciByleby tylko ku szata\u0144stwom swoimWszelkich ob\u0142udnych k\u0142amstw pod\u0142ych zbrodni Sk\u00f3r wielkie szata\u0144skie totalnie bestieZakazuj\u0105 \u017conie otwierania okienA przecie\u017c&hellip; <\/p>\n","protected":false},"author":1,"featured_media":0,"parent":0,"menu_order":0,"comment_status":"closed","ping_status":"closed","template":"","meta":{"footnotes":""},"class_list":["post-9919","page","type-page","status-publish","hentry"],"_links":{"self":[{"href":"https:\/\/hubertpietka.bialystok.pl\/index.php?rest_route=\/wp\/v2\/pages\/9919","targetHints":{"allow":["GET"]}}],"collection":[{"href":"https:\/\/hubertpietka.bialystok.pl\/index.php?rest_route=\/wp\/v2\/pages"}],"about":[{"href":"https:\/\/hubertpietka.bialystok.pl\/index.php?rest_route=\/wp\/v2\/types\/page"}],"author":[{"embeddable":true,"href":"https:\/\/hubertpietka.bialystok.pl\/index.php?rest_route=\/wp\/v2\/users\/1"}],"replies":[{"embeddable":true,"href":"https:\/\/hubertpietka.bialystok.pl\/index.php?rest_route=%2Fwp%2Fv2%2Fcomments&post=9919"}],"version-history":[{"count":1,"href":"https:\/\/hubertpietka.bialystok.pl\/index.php?rest_route=\/wp\/v2\/pages\/9919\/revisions"}],"predecessor-version":[{"id":9921,"href":"https:\/\/hubertpietka.bialystok.pl\/index.php?rest_route=\/wp\/v2\/pages\/9919\/revisions\/9921"}],"wp:attachment":[{"href":"https:\/\/hubertpietka.bialystok.pl\/index.php?rest_route=%2Fwp%2Fv2%2Fmedia&parent=9919"}],"curies":[{"name":"wp","href":"https:\/\/api.w.org\/{rel}","templated":true}]}}