{"id":993,"date":"2018-02-12T12:26:10","date_gmt":"2018-02-12T12:26:10","guid":{"rendered":"http:\/\/hubertpietka.bialystok.pl\/?page_id=993"},"modified":"2018-02-14T11:56:24","modified_gmt":"2018-02-14T11:56:24","slug":"nowa-miedzynarodowka-miedzy-narodowa-piesn-ideowa","status":"publish","type":"page","link":"https:\/\/hubertpietka.bialystok.pl\/?page_id=993","title":{"rendered":"Nowa Mi\u0119dzynarod\u00f3wka  \/Mi\u0119dzy-Narodowa Pie\u015b\u0144 Ideowa\/"},"content":{"rendered":"<p><em><strong>Nowa Mi\u0119dzynarod\u00f3wka<\/strong><\/em><\/p>\n<p><em><strong>\/Mi\u0119dzy-Narodowa Pie\u015b\u0144 Ideowa\/<\/strong><\/em><\/p>\n<p>&nbsp;<\/p>\n<p>Muzycy wszyscy kraj\u00f3w<\/p>\n<p>Ludzie kultury i sztuki wszystkich kraj\u00f3w<\/p>\n<p><em>&#8211; \u0142\u0105czcie si\u0119!<\/em><\/p>\n<p>Aby pi\u0119kno i harmonia trwa\u0142y,<\/p>\n<p>wyraz sw\u00f3j znajdowa\u0142y.<\/p>\n<p>&nbsp;<\/p>\n<p>Sportowcy wszystkich kraj\u00f3w<\/p>\n<p>Kibice wszystkich kraj\u00f3w<\/p>\n<p><em>&#8211; \u0142\u0105czcie si\u0119!<\/em><\/p>\n<p>Aby idea szlachetnej rywalizacji,<\/p>\n<p>wed\u0142ug zasad fair play wygrywa\u0142a.<\/p>\n<p>&nbsp;<\/p>\n<p>Literaci wszyscy kraj\u00f3w<\/p>\n<p>Dziennikarze wszystkich kraj\u00f3w<\/p>\n<p><em>&#8211; \u0142\u0105czcie si\u0119!<\/em><\/p>\n<p>Aby prawdziwe warto\u015bci<\/p>\n<p>by\u0142y krzewione.<\/p>\n<p>&nbsp;<\/p>\n<p>Naukowcy i nauczyciele wszystkich kraj\u00f3w<\/p>\n<p>Dzieci i m\u0142odzie\u017c wszystkich kraj\u00f3w<\/p>\n<p><em>&#8211; \u0142\u0105czcie si\u0119!<\/em><\/p>\n<p>Aby prawda by\u0142a odkrywana,<\/p>\n<p>wed\u0142ug jej zasad historia ludzko\u015bci pisana.<\/p>\n<p>&nbsp;<\/p>\n<p>Rz\u0105dz\u0105cy i politycy wszystkich kraj\u00f3w<\/p>\n<p>Ludzie biznesu wszystkich kraj\u00f3w<\/p>\n<p><em>&#8211; \u0142\u0105czcie si\u0119!<\/em><\/p>\n<p>Aby rz\u0105dy by\u0142y sprawiedliwe,<\/p>\n<p>a zasady spo\u0142eczne \u017cyczliwe.<\/p>\n<p>&nbsp;<\/p>\n<p>Ludzie wiary wszystkich kraj\u00f3w<\/p>\n<p>Ludzie dobrej woli wszystkich kraj\u00f3w<\/p>\n<p><em>&#8211; \u0142\u0105czcie si\u0119!<\/em><\/p>\n<p>Aby zaja\u015bnia\u0142 nam nowy dzie\u0144 dla ludzko\u015bci,<\/p>\n<p>wzesz\u0142o prawdziwe \u015bwiat\u0142o wolno\u015bci.<\/p>\n<p>&nbsp;<\/p>\n<p>Biedni, chorzy i cierpi\u0105cy<\/p>\n<p>Wszyscy prze\u015bladowani i potrzebuj\u0105cy<\/p>\n<p><em>&#8211; \u0142\u0105czcie si\u0119!<\/em><\/p>\n<p>Aby przemieni\u0107 ten \u015bwiat<\/p>\n<p>wed\u0142ug zasady: dla brata brat.<\/p>\n<p>&nbsp;<\/p>\n<p>Nowa Mi\u0119dzy-Narodowa Pie\u015b\u0144 Ideowa<\/p>\n<p>Niech wybrzmi w domach, na placach, ulicach i r\u00f3\u017cnych forach<\/p>\n<p><em>&#8211; by\u015bmy wszyscy si\u0119 po\u0142\u0105czyli &#8211;<\/em><\/p>\n<p>I do\u017cyli nowej ery ludzko\u015bci:<\/p>\n<p>sprawiedliwo\u015bci, dobra, pi\u0119kna,<\/p>\n<p>mi\u0142o\u015bci, prawdy i wolno\u015bci.<\/p>\n<p>&nbsp;<\/p>\n<p style=\"text-align: center;\"><em><a href=\"https:\/\/www.youtube.com\/watch?v=y4XJY2YDEro\">D\u017cem &#8211; Kilka zdartych p\u0142yt<\/a><\/em><\/p>\n<p style=\"text-align: center;\"><em><a href=\"https:\/\/www.youtube.com\/watch?v=TL8sERiuPNs\">Ch\u0142opcy z Placu Broni &#8211; Kocham wolno\u015b\u0107<\/a><\/em><\/p>\n<p style=\"text-align: center;\"><em><a href=\"https:\/\/www.youtube.com\/watch?v=f5hooj3qKM4\">Hey &#8211; Moja i twoja nadzieja<\/a><\/em><\/p>\n<p style=\"text-align: center;\"><em><a href=\"https:\/\/www.youtube.com\/watch?v=LILXgORnHdI\">Polscy Arty\u015bci &#8211; Pokonamy fal\u0119<\/a><\/em><\/p>\n<p style=\"text-align: center;\"><em><a href=\"https:\/\/www.youtube.com\/watch?v=3aRz0IVMuW8\">Czes\u0142aw Niemen &#8211; Dziwny jest ten \u015bwiat<\/a><\/em><\/p>\n","protected":false},"excerpt":{"rendered":"<p>Nowa Mi\u0119dzynarod\u00f3wka \/Mi\u0119dzy-Narodowa Pie\u015b\u0144 Ideowa\/ &nbsp; Muzycy wszyscy kraj\u00f3w Ludzie kultury i sztuki wszystkich kraj\u00f3w &#8211; \u0142\u0105czcie si\u0119! Aby pi\u0119kno i harmonia trwa\u0142y, wyraz sw\u00f3j&hellip; <\/p>\n","protected":false},"author":1,"featured_media":0,"parent":0,"menu_order":0,"comment_status":"closed","ping_status":"closed","template":"","meta":{"footnotes":""},"class_list":["post-993","page","type-page","status-publish","hentry"],"_links":{"self":[{"href":"https:\/\/hubertpietka.bialystok.pl\/index.php?rest_route=\/wp\/v2\/pages\/993","targetHints":{"allow":["GET"]}}],"collection":[{"href":"https:\/\/hubertpietka.bialystok.pl\/index.php?rest_route=\/wp\/v2\/pages"}],"about":[{"href":"https:\/\/hubertpietka.bialystok.pl\/index.php?rest_route=\/wp\/v2\/types\/page"}],"author":[{"embeddable":true,"href":"https:\/\/hubertpietka.bialystok.pl\/index.php?rest_route=\/wp\/v2\/users\/1"}],"replies":[{"embeddable":true,"href":"https:\/\/hubertpietka.bialystok.pl\/index.php?rest_route=%2Fwp%2Fv2%2Fcomments&post=993"}],"version-history":[{"count":4,"href":"https:\/\/hubertpietka.bialystok.pl\/index.php?rest_route=\/wp\/v2\/pages\/993\/revisions"}],"predecessor-version":[{"id":1004,"href":"https:\/\/hubertpietka.bialystok.pl\/index.php?rest_route=\/wp\/v2\/pages\/993\/revisions\/1004"}],"wp:attachment":[{"href":"https:\/\/hubertpietka.bialystok.pl\/index.php?rest_route=%2Fwp%2Fv2%2Fmedia&parent=993"}],"curies":[{"name":"wp","href":"https:\/\/api.w.org\/{rel}","templated":true}]}}