{"id":9942,"date":"2025-12-05T22:23:44","date_gmt":"2025-12-05T22:23:44","guid":{"rendered":"https:\/\/hubertpietka.bialystok.pl\/?page_id=9942"},"modified":"2025-12-05T22:40:59","modified_gmt":"2025-12-05T22:40:59","slug":"obluda-perfidii-szatanska-iscie-byleby-tylko-ku-zbrodniom-tego-calego-plemienia-zmijowego-na-bozych-dzieciach","status":"publish","type":"page","link":"https:\/\/hubertpietka.bialystok.pl\/?page_id=9942","title":{"rendered":"Ob\u0142uda perfidii \/ szata\u0144ska i\u015bcie &#8211; byleby tylko ku zbrodniom tego ca\u0142ego plemienia \u017cmijowego &#8211; na Bo\u017cych dzieciach"},"content":{"rendered":"\n<p>Kt\u00f3ry to ju\u017c raz pr\u00f3buj\u0105<br>Te bydlaki czy bestie osobi\u015bcie<br>Spreparowa\u0107 wypadek samochodowy na nas<br>P\u00f3ki co nie wychodzi ob\u0142udnikom<br>By to by\u0142o z tzw. naszej winy<br>To ju\u017c teraz perfidnie \u0142ajdacz\u0105<br>Byleby tylko osi\u0105gn\u0105\u0107 sw\u00f3j cel<br>Jeden z tych szata\u0144skich<br>\u017beby chocia\u017c nasze samochody zniszczy\u0107<\/p>\n\n\n\n<p>Ju\u017c mnie czasem roz\u015bmiesza troch\u0119<br>Ta ob\u0142uda ob\u0142\u0119dna tych bestii<br>I tego ca\u0142ego \u0142ajdactwa<br>Jak nie udaje si\u0119 zabi\u0107<br>Zniewoli\u0107 przez takich tam bydlak\u00f3w<br>To chocia\u017c uderza\u0107 w co\u015b<br>W nasze samochody miejsca mienie<br>Jak wij\u0105ce si\u0119 szata\u0144sko \u017cmije<br>Jak nie tak to inaczej<br>Byleby tylko z\u0142o nam uczyni\u0107<br>Naszemu i naszym niewinnym innym<\/p>\n\n\n\n<figure class=\"wp-block-gallery has-nested-images columns-default is-cropped wp-block-gallery-1 is-layout-flex wp-block-gallery-is-layout-flex\">\n<figure class=\"wp-block-image size-large\"><a href=\"https:\/\/hubertpietka.bialystok.pl\/wp-content\/uploads\/2025\/12\/1000038226.jpg\"><img loading=\"lazy\" decoding=\"async\" width=\"1024\" height=\"771\" data-id=\"9943\" src=\"https:\/\/hubertpietka.bialystok.pl\/wp-content\/uploads\/2025\/12\/1000038226-1024x771.jpg\" alt=\"\" class=\"wp-image-9943\" srcset=\"https:\/\/hubertpietka.bialystok.pl\/wp-content\/uploads\/2025\/12\/1000038226-1024x771.jpg 1024w, https:\/\/hubertpietka.bialystok.pl\/wp-content\/uploads\/2025\/12\/1000038226-300x226.jpg 300w, https:\/\/hubertpietka.bialystok.pl\/wp-content\/uploads\/2025\/12\/1000038226-768x578.jpg 768w, https:\/\/hubertpietka.bialystok.pl\/wp-content\/uploads\/2025\/12\/1000038226-1536x1157.jpg 1536w, https:\/\/hubertpietka.bialystok.pl\/wp-content\/uploads\/2025\/12\/1000038226.jpg 2040w\" sizes=\"auto, (max-width: 1024px) 100vw, 1024px\" \/><\/a><\/figure>\n<\/figure>\n\n\n\n<p>A \u017ce powtarzaj\u0105 schematy szata\u0144sko<br>To ju\u017c mnie to i<br>Roz\u015bmiesza czasem ta perfidia pod\u0142o\u015b\u0107<br>Niepomiera w ob\u0142udzie zbrodni bestii<br>I tych sprzedajnych bydlak\u00f3w skorumpowanych<br>Z\u0142em szata\u0144skim wszelkim tych bestii<\/p>\n\n\n\n<p>A te misie \u0142ajdackie \u015bcigaj\u0105<br>Nas za to inni s\u0142u\u017calcy<br>Tych bestii \u017ce jeszcze si\u0119<br>Im nie uda\u0142o niestety<br>Nas zniszczy\u0107 zabi\u0107 zniewoli\u0107 nasze<br>I naszych te wszelkie zbrodnie<br>Za to nas \u015bcigaj\u0105 odpowiednio<br>Te wszelkie te\u017c \u0142ajdaki s\u0142u\u017cbistowe<\/p>\n\n\n\n<p>\u017be o tym bydlu podwijskim<br>Tam ta\u0142atajstwie innych bydlakach prywatnych<br>Ju\u017c nawet nie wspomn\u0119<br>R\u00f3wnie ob\u0142udnych w agresji swojej<br>Ca\u0142kowicie zreszt\u0105 pod\u0142ug tych bestii<br>I tak oni wszyscy<br>S\u0142u\u017cbowi prywatni i zawodowi bydlacy<br>Graj\u0105 do jednej bramki<br>Z tymi szata\u0144skimi bestiami<br>Byleby tylko nas zniszczy\u0107 zabi\u0107<br>Czy chocia\u017c zniewoli\u0107 tak w\u0142a\u015bnie<br>To ca\u0142e szata\u0144stwo s\u0142u\u017cby r\u00f3\u017cne<br>Z bandytami prostackimi i bestiami<br>Przeciwko tym niewinnym i ma\u0142ym<br>Tej zorganizowanej przemocy<br>Chyba ze wszech stron<br>Kt\u00f3ra ma nas zbrodniami zniszczy\u0107<\/p>\n\n\n\n<p><strong><em><a href=\"https:\/\/youtu.be\/rDMCpZuEfsY?si=qRPboqMXCuBFLia-\">Stan Oskar\u017cenia &#8211; Dzie\u0144 jak dzie\u0144 <\/a><\/em><\/strong><\/p>\n\n\n\n<p class=\"has-text-align-right\"><strong><em><a href=\"https:\/\/youtu.be\/M4p6W9KAaSM?si=-i-sGhmDBoaUb4pt\">Stan Oskar\u017cenia &#8211; Ponad tym<\/a><\/em><\/strong><\/p>\n","protected":false},"excerpt":{"rendered":"<p>Kt\u00f3ry to ju\u017c raz pr\u00f3buj\u0105Te bydlaki czy bestie osobi\u015bcieSpreparowa\u0107 wypadek samochodowy na nasP\u00f3ki co nie wychodzi ob\u0142udnikomBy to by\u0142o z tzw. naszej winyTo ju\u017c teraz&hellip; <\/p>\n","protected":false},"author":1,"featured_media":0,"parent":0,"menu_order":0,"comment_status":"closed","ping_status":"closed","template":"","meta":{"footnotes":""},"class_list":["post-9942","page","type-page","status-publish","hentry"],"_links":{"self":[{"href":"https:\/\/hubertpietka.bialystok.pl\/index.php?rest_route=\/wp\/v2\/pages\/9942","targetHints":{"allow":["GET"]}}],"collection":[{"href":"https:\/\/hubertpietka.bialystok.pl\/index.php?rest_route=\/wp\/v2\/pages"}],"about":[{"href":"https:\/\/hubertpietka.bialystok.pl\/index.php?rest_route=\/wp\/v2\/types\/page"}],"author":[{"embeddable":true,"href":"https:\/\/hubertpietka.bialystok.pl\/index.php?rest_route=\/wp\/v2\/users\/1"}],"replies":[{"embeddable":true,"href":"https:\/\/hubertpietka.bialystok.pl\/index.php?rest_route=%2Fwp%2Fv2%2Fcomments&post=9942"}],"version-history":[{"count":4,"href":"https:\/\/hubertpietka.bialystok.pl\/index.php?rest_route=\/wp\/v2\/pages\/9942\/revisions"}],"predecessor-version":[{"id":9947,"href":"https:\/\/hubertpietka.bialystok.pl\/index.php?rest_route=\/wp\/v2\/pages\/9942\/revisions\/9947"}],"wp:attachment":[{"href":"https:\/\/hubertpietka.bialystok.pl\/index.php?rest_route=%2Fwp%2Fv2%2Fmedia&parent=9942"}],"curies":[{"name":"wp","href":"https:\/\/api.w.org\/{rel}","templated":true}]}}