{"id":9950,"date":"2025-12-06T09:53:08","date_gmt":"2025-12-06T09:53:08","guid":{"rendered":"https:\/\/hubertpietka.bialystok.pl\/?page_id=9950"},"modified":"2025-12-06T09:53:08","modified_gmt":"2025-12-06T09:53:08","slug":"totalne-przetransportowanie-bozych-wartosci-moralnosci-ku-obludzie-przemocy-wszelkich-zbrodni-szatanstw-wobec-niewinnych-dzieci-bozych","status":"publish","type":"page","link":"https:\/\/hubertpietka.bialystok.pl\/?page_id=9950","title":{"rendered":"Totalne przetransportowanie Bo\u017cych warto\u015bci moralno\u015bci \/ ku ob\u0142udzie przemocy wszelkich zbrodni &#8211; szata\u0144stw wobec niewinnych dzieci Bo\u017cych"},"content":{"rendered":"\n<p>1.<br>Z\u0142o pr\u00f3buje wytworzy\u0107 iluzj\u0119<br>\u017be przemoc z\u0142a jest<br>Szata\u0144sko jedynie s\u0142uszna i<br>\u017be nie ma bytu racji<br>Ochrona i obrona przed z\u0142em<br>Chyba to uczyni\u0142y z tym<br>Ca\u0142ym \u015bwiatem te bestie \u0142ajdaki<br>\u017be skoro z\u0142o dysponuje wszelk\u0105<br>Przemoc\u0105 ku zbrodniom to<br>Ma jedynie s\u0142uszn\u0105 racj\u0119<br>Pod\u0142ug w\u0142a\u015bnie zbrodni do kt\u00f3rych<br>D\u0105\u017c\u0105 nieustannie tak te bestie<br>I w\u0142a\u015bnie przemocy kt\u00f3r\u0105 dysponuj\u0105<\/p>\n\n\n\n<p>Dodatkowo z\u0142o pr\u00f3buje wm\u00f3wi\u0107 ludziom<br>\u017be skoro tak to z\u0142o<br>Jest dobrem i \u017ce \u017ali<br>S\u0105 dobrzy i lepsi w\u0142a\u015bnie<br>Pod\u0142ug zorganizowanego systemu totalnej przemocy<br>Tak dzia\u0142a ideologizm relatywizmu<br>Tak pr\u00f3buje to szatan<br>Ludziom wm\u00f3wi\u0107 \u017ce nie ma<br>\u017badnego sensu przeciwstawianie si\u0119 z\u0142u<br>Bo ono i tak zwyci\u0119\u017cy<br>Co jest k\u0142amstwem wierutnym<br>Bo cho\u0107 wydaje si\u0119 to<br>\u017be ma przewag\u0119 z\u0142o bestii<br>I \u0142ajdak\u00f3w wszelkich pod\u0142ug zbrodni<br>I totalnej przemocy to B\u00f3g<br>I tak zwyci\u0119\u017cy z\u0142o szatana<br>I te wszystkie mentalne przekr\u0119ty<br>T\u0105 nawet oboj\u0119tno\u015b\u0107 czy znieczulice<br>W kt\u00f3re z\u0142o pr\u00f3buje wp\u0119dzi\u0107<br>Ludzi m\u00f3wi\u0105c \u017ce nic oni<br>Nie mog\u0105 ci dobrej woli<br>Pod\u0142ug dominacji przemocy ku zbrodniom<br>Taki to totalny przekr\u0119t szatana<br>Bestii i \u0142ajdak\u00f3w ku zbrodniom<br>I by pozbawi\u0107 jakiegokolwiek sensu<br>Obron\u0119 przed tym z\u0142em szata\u0144skim<br>Zw\u0142aszcza je\u015bli jak si\u0119 m\u00f3wi<br>Jest jeden przeciwko wszystkim<br>Dobra wola i czyste intencje<br>Przeciwko systemowi zorganizowanej przemocy wszelkiej<br>Anga\u017cuj\u0105cej wszystkich \u0142ajdak\u00f3w przeciwko<br>Tym dzieciom Bo\u017cym tak jak<br>Czyni\u0105 te bestie wy\u015bmiewaj\u0105c umniejszaj\u0105c<br>Wszelk\u0105 obron\u0119 s\u0142uszn\u0105 c\u00f3\u017c jeden<br>Przecie\u017c mo\u017ce przeciwko zorganizowanemu systemowi<br>Totalnego z\u0142a szata\u0144skiego ku zbrodniom<br>Totalno\u015b\u0107 takiej dialektyki te\u017c potworna<br>Tych bestii i \u0142ajdactwa ca\u0142ego<br>Jezu ufam Tobie wbrew tej<br>Ideologicznej \u015bciemie kt\u00f3ra te\u017c ma<br>S\u0142u\u017cy\u0107 \u0142atwo\u015bci przemocy przeciwko sprawiedliwej<br>Samoobronie przed zbrodniami szata\u0144skimi<br>Tych dzieci Bo\u017cych w Bogu<br>Przeciwko bestiom \u0142ajdactwu i szatanowi<\/p>\n\n\n\n<p>2.<br>Z\u0142o pr\u00f3buje wm\u00f3wi\u0107 \u017ce skoro<br>Dysponuje totalno\u015bci\u0105 przemocy ku zbrodniom<br>To nie ma racji dobro<br>I \u017ce skoro tak w\u0142a\u015bnie<br>To mo\u017ce z\u0142o jest dobre<br>I jedynie s\u0142uszne totalne odwr\u00f3cenie<br>Warto\u015bci Bo\u017cych i sprawiedliwych proporcji<\/p>\n\n\n\n<p>Jakby dysponowanie przemoc\u0105<br>Ku wszelkim zbrodniom by\u0142i<br>Jedynym wyznacznikiem ich s\u0142uszno\u015bci<br>A nie obrona \u017cycia dobra<br>Jakby tylko szatan mia\u0142 racj\u0119<br>\u0141ajdacy i bestie nie B\u00f3g<br>Bo z\u0142o te\u017c chce zakrzycze\u0107<br>Wszystko poza t\u0105 przemoc\u0105 ob\u0142udy<br>Ku wszelkim zbrodniom i niby<br>Ich uprawnienia jakiegokolwiek w aspekcie<br>Te\u017c post\u0119powania motywowanego czymkolwiek<br>Jakby zbrodnie mo\u017cna by\u0142o<br>I przemoc d\u0105\u017cenia ku nim<br>Usprawiedliwia\u0107 te\u017c moralnie czy mentalnie<br>Ale tylko przy odwr\u00f3ceniu porz\u0105dku<br>Tego Bo\u017cego i warto\u015bci moralnych<br>Co czyni relatywizm ideologiczny dialektyki<br>Szatanskiej tych bestii i \u0142ajdactwa<\/p>\n\n\n\n<p>3.<br>Iluzja szata\u0144stw tych bestii<br>I \u0142ajdak\u00f3w wszelkich k\u0142amliwa dialektyka<br>K\u0142amstw ob\u0142udnych szatana \u017ce zbrodnie<br>S\u0105 s\u0142uszne i wszelkie z\u0142o<br>Z samego tylko powodu<br>\u017be dysponuje wszelk\u0105 przemoc\u0105<br>Z ka\u017cdej strony na tych<br>Ma\u0142ych i niewinnych \u017ce anga\u017cuje<br>W tym zepsuciu moralnym wszelkich<br>Zawodowych prywatnych i s\u0142u\u017cbowych<br>A czy\u017c nie to w\u0142a\u015bnie<br>Ma uzasadnia\u0107 m\u0119cze\u0144stwo ludob\u00f3jstwa bestii<br>I wszelkiego \u0142ajdactwa<br>I to \u017ce wszystkich mo\u017cna<br>Pod\u0142ug tego zbuntowa\u0107 pozbawi\u0107 racji<br>Obrony przed przemoc\u0105 ob\u0142udy zbrodni<br>Tych kt\u00f3rzy strzeg\u0105 porz\u0105dku Bo\u017cego<br>I warto\u015bci Bo\u017cych te\u017c broni\u0105<\/p>\n\n\n\n<p>\u017be przemoc cywilizacji \u015bmierci<br>Tych bestii i wszelkiego \u0142ajdactwa<br>Ma niby s\u0142uszno\u015b\u0107 te\u017c tak\u0105<br>\u017be niby jak wszyscy ulegli<br>Tym k\u0142amstwom szata\u0144skim tych bestii<br>Tej iluzji fa\u0142szywej wierutnej<br>To ju\u017c nic nie mo\u017cna<br>I zrobi\u0107 ze nie mo\u017cna<br>Si\u0119 przed tym broni\u0107<br>Iluzja ob\u0142udy szata\u0144skiej w pe\u0142ni<br>Byleby tylko przemoc bestii \u0142ajdactwa<br>Ku zbrodniom z\u0142a wszelkim<br>Mog\u0142a zniszczy\u0107 tych ma\u0142ych Bo\u017cych<\/p>\n\n\n\n<p>4.<br>I co oni zrobili ju\u017c<br>Z tym \u015bwiatem te bestie<br>I to \u0142ajdactwo skorumpowane wszelkie<br>\u017be nawet byle g\u00f3wniara gdziekolwiek<br>Smarkula kt\u00f3ra ledwo od ziemi<br>Sobie odros\u0142a mo\u017ce ju\u017c by\u0107<br>Zepsuta totalnie z\u0142em pod\u0142ug ob\u0142udy<br>Tych szata\u0144skich wskro\u015b bestii<br>I czyni ju\u017c perfidnie podle<br>Z\u0142o z premedytacj\u0105 pod\u0142ug nich<br>Zepsucie totalne moralne cywilizacji \u015bmierci<br>I wszelakich w niej wsp\u00f3\u0142uczestnicz\u0105cych<br>Gdzie z\u0142o si\u0119 nazywa dobrem<br>I na odwr\u00f3t mieszaj\u0105c paradygmat<br>Odwieczny Bo\u017cych warto\u015bci z wszelkimi<br>Ob\u0142udnymi szata\u0144skimi k\u0142amstwami ku zbrodniom<br>Tych bestii i \u0142ajdak\u00f3w wszelkich<br>Masakra i pr\u00f3buj\u0105 pozbawi\u0107 s\u0142uszno\u015bci<br>Ka\u017cd\u0105 sprawiedliw\u0105 obron\u0119 warto\u015bci Bo\u017cych<br>Pod\u0142ug szata\u0144skiej przemocy ich wszystkich<\/p>\n\n\n\n<figure class=\"wp-block-gallery has-nested-images columns-default is-cropped wp-block-gallery-1 is-layout-flex wp-block-gallery-is-layout-flex\">\n<figure class=\"wp-block-image size-large\"><a href=\"https:\/\/hubertpietka.bialystok.pl\/wp-content\/uploads\/2025\/12\/1000038272-scaled.jpg\"><img loading=\"lazy\" decoding=\"async\" width=\"771\" height=\"1024\" data-id=\"9951\" src=\"https:\/\/hubertpietka.bialystok.pl\/wp-content\/uploads\/2025\/12\/1000038272-771x1024.jpg\" alt=\"\" class=\"wp-image-9951\" srcset=\"https:\/\/hubertpietka.bialystok.pl\/wp-content\/uploads\/2025\/12\/1000038272-771x1024.jpg 771w, https:\/\/hubertpietka.bialystok.pl\/wp-content\/uploads\/2025\/12\/1000038272-226x300.jpg 226w, https:\/\/hubertpietka.bialystok.pl\/wp-content\/uploads\/2025\/12\/1000038272-768x1020.jpg 768w, https:\/\/hubertpietka.bialystok.pl\/wp-content\/uploads\/2025\/12\/1000038272-1157x1536.jpg 1157w, https:\/\/hubertpietka.bialystok.pl\/wp-content\/uploads\/2025\/12\/1000038272-1542x2048.jpg 1542w, https:\/\/hubertpietka.bialystok.pl\/wp-content\/uploads\/2025\/12\/1000038272-scaled.jpg 1928w\" sizes=\"auto, (max-width: 771px) 100vw, 771px\" \/><\/a><\/figure>\n<\/figure>\n\n\n\n<p><em>\u015aw. Miko\u0142aju wspieraj niech to<br>B\u0119dzie wszystko Bo\u017ce zwyci\u0119stwo<br>Z tym ca\u0142ym systemem zorganizowanym<br>Przemocy ku zbrodniom ob\u0142udy k\u0142amstw<br>Temu s\u0142u\u017c\u0105cych przeciwko dzieciom Bo\u017cym<br>Tych bestii i zepsutego \u0142ajdactwa<br>A Bo\u017ce warto\u015bci i tak<br>Zwyci\u0119\u017c\u0105 wbrew ideologii dialektyki relatywizmu<br>Szata\u0144skiego tych w\u0142a\u015bnie wszystkich zdemoralizowanych<br>I zepsutych szata\u0144stwem pod\u0142ym wszelkim<br>Jezu ufam Tobie wspieraj Maryjo<br>A skoro g\u00f3wniarze ju\u017c s\u0105<br>Tak zepsute to ja<br>Tym bardziej nie chc\u0119 dzieci<br>W tych chorym \u015bwiecie<br>Przetransportowania wszelkich warto\u015bci ku z\u0142u<br>Tych bestii i \u0142ajdactwa wszelkiego<br>Ja do tego nie do\u0142o\u017c\u0119<br>Swej r\u0119ki do zepsucia bestii<br>I \u0142ajdactwa wszelkiego moralno\u015bci wszelkiej<br>I tej gry pozor\u00f3w r\u00f3\u017cnych<br>Dla ob\u0142udy ku przemocy zbrodni<br>Tych ca\u0142kowicie spapranych z\u0142em wszelkich<br>Zreszt\u0105 dzieci i tak mie\u0107<br>Nie b\u0119d\u0119 poza takim te\u017c<br>Dodatkowo ku temu przyczynkiem<br>Bo to wyb\u00f3r Bo\u017cy uporz\u0105dkowany<br>Wbrew wszelkiemu ob\u0142udnemu pod\u0142emu szata\u0144stwu<\/em><\/p>\n","protected":false},"excerpt":{"rendered":"<p>1.Z\u0142o pr\u00f3buje wytworzy\u0107 iluzj\u0119\u017be przemoc z\u0142a jestSzata\u0144sko jedynie s\u0142uszna i\u017be nie ma bytu racjiOchrona i obrona przed z\u0142emChyba to uczyni\u0142y z tymCa\u0142ym \u015bwiatem te bestie&hellip; <\/p>\n","protected":false},"author":1,"featured_media":0,"parent":0,"menu_order":0,"comment_status":"closed","ping_status":"closed","template":"","meta":{"footnotes":""},"class_list":["post-9950","page","type-page","status-publish","hentry"],"_links":{"self":[{"href":"https:\/\/hubertpietka.bialystok.pl\/index.php?rest_route=\/wp\/v2\/pages\/9950","targetHints":{"allow":["GET"]}}],"collection":[{"href":"https:\/\/hubertpietka.bialystok.pl\/index.php?rest_route=\/wp\/v2\/pages"}],"about":[{"href":"https:\/\/hubertpietka.bialystok.pl\/index.php?rest_route=\/wp\/v2\/types\/page"}],"author":[{"embeddable":true,"href":"https:\/\/hubertpietka.bialystok.pl\/index.php?rest_route=\/wp\/v2\/users\/1"}],"replies":[{"embeddable":true,"href":"https:\/\/hubertpietka.bialystok.pl\/index.php?rest_route=%2Fwp%2Fv2%2Fcomments&post=9950"}],"version-history":[{"count":1,"href":"https:\/\/hubertpietka.bialystok.pl\/index.php?rest_route=\/wp\/v2\/pages\/9950\/revisions"}],"predecessor-version":[{"id":9952,"href":"https:\/\/hubertpietka.bialystok.pl\/index.php?rest_route=\/wp\/v2\/pages\/9950\/revisions\/9952"}],"wp:attachment":[{"href":"https:\/\/hubertpietka.bialystok.pl\/index.php?rest_route=%2Fwp%2Fv2%2Fmedia&parent=9950"}],"curies":[{"name":"wp","href":"https:\/\/api.w.org\/{rel}","templated":true}]}}