{"id":9954,"date":"2025-12-07T08:54:20","date_gmt":"2025-12-07T08:54:20","guid":{"rendered":"https:\/\/hubertpietka.bialystok.pl\/?page_id=9954"},"modified":"2025-12-07T08:58:07","modified_gmt":"2025-12-07T08:58:07","slug":"obluda-ku-wszelkim-zbrodniom-pozerac-te-i-inne-dzieci-boze","status":"publish","type":"page","link":"https:\/\/hubertpietka.bialystok.pl\/?page_id=9954","title":{"rendered":"Ob\u0142ud\u0105 ku wszelkim zbrodniom po\u017cera\u0107 \/ te i inne dzieci Bo\u017ce"},"content":{"rendered":"\n<p>1.<br>Tak bardzo przeszkadza tym szatanom<br>\u017be my \u015brodki na \u017cycie<br>Konkretne mamy jakie\u015b dlatego trzeba<br>Uderzy\u0107 nam w podpor\u0119 chleba<br>Przecie\u017c w nasze prace<br>Bestie i \u0142ajdaki uderzaj\u0105 nieustannie<br>I jak nie zabi\u0107 zniewoli\u0107<br>Jak nie w miejsca nasze<br>Samochody nasze zwierz\u0119ta i naszych<br>To uderza\u0107 szata\u0144sko w ten<br>Nasz byt materialny bo przecie\u017c<br>Nie da si\u0119 \u017cy\u0107 inaczej<br>Bez tego w tym \u015bwiecie<\/p>\n\n\n\n<p>A teraz szatany bestie \u0142ajdaki<br>To co tam *<strong>Jee-Zus-ek<\/strong>* mo\u017ce<br>Byleby tylko pozbawi\u0107 mnie i nas<br>Tych \u015brodk\u00f3w sta\u0142ych to trzeba<br>Tak skonfabulowa\u0107 sfingowa\u0107 r\u00f3\u017cne sprawy<br>By zabi\u0107 *<strong>Jee-Zus-a<\/strong>* mnie nam<br>Najlepiej tak by na zawsze<br>Przecie\u017c my powinni\u015bmy by\u0107 \u017cebrakami<br>Pod\u0142ug tych bestii szata\u0144skich \u0142ajdak\u00f3w<\/p>\n\n\n\n<p>A *<strong>o rzecz o nie<em>j<\/em><\/strong>* trzeba podwa\u017cy\u0107<br>I *<strong>o rzecz o mnie<\/strong>*<br>Bo w zesp\u00f3\u0142 ka\u017cdy *<strong>o on<\/strong>*<br>Te\u017c uderza\u0107 trzeba pod\u0142ug bestii<br>To trzeba przecie\u017c podwa\u017ca\u0107<br>By dzia\u0142a\u0107 pod\u0142ug szatana<br>We wszystko zreszt\u0105 co ich<br>Podwa\u017cy\u0107 zasadniczo ich materialny byt<\/p>\n\n\n\n<p>A mo\u017ce tak skonfigurowa\u0107 by te\u017c<br>Przy okazji uderzy\u0107 w t\u0105<br>Nienawistn\u0105 bestiom i \u0142ajdakom pi\u0142k\u0119<br>Znajdzie si\u0119 przecie\u017c bydlak\u00f3w odpowiednich<br>By to tak u\u0142o\u017cy\u0107 sobie<br>Takie to bestie totalnie szata\u0144skie<br>I \u0142ajdaki skorumpowane sprzedawczykowstwem wszelcy<br>Czy\u017c nie tak w\u0142a\u015bnie<\/p>\n\n\n\n<p>2.<br>I wr\u00f3\u0107my te\u017c na chwil\u0119<br>Do wczorajszego wspomnienia liturgicznego<br>Czyli \u015bw. Miko\u0142aja bo te<br>Szatanskiej bestie nie tylko<br>Z tego dnia przecie\u017c<br>Ale chyba i prawie ka\u017cdego<br>Dzie\u0144 wilko\u0142aka po\u017ceraj\u0105cego ludzi niewinnych<br>Chc\u0105 uczyni\u0107 przecie\u017c te szatany<br>Pod\u0142ug diab\u0142a nienawidz\u0105 dzieci Bo\u017cych<br>I wed\u0142ug tych bestii takie<br>Zabija\u0107 mo\u017cna przecie\u017c codzie\u0144<br>I wiernych zakonnych i ksi\u0119\u017cy<br>Skoro podpadli nienawi\u015bci szatana bestii<br>Cho\u0107by tym tylko \u017ce wyznaj\u0105<br>Wszelkie Bo\u017ce warto\u015bci kt\u00f3re<br>Z gruntu przecie\u017c sprzeciwiaj\u0105 si\u0119<br>Temu wszelkiemu z\u0142owrogiemu szata\u0144stwu<br>I nie tylko z tego<br>W\u0142a\u015bnie dnia gdzie powinno si\u0119<br>By\u0107 dla innych darem<br>Chc\u0105 czyni\u0107 ten szatany<br>Czas z\u0142owrogi dla dzieci Bo\u017cych<br>A najlepiej jak i nas<br>Ich zabija\u0107 i zniewala\u0107<br>Przecie\u017c te bestie wszystko tak<br>Pod\u0142ug zbrodniczo\u015bci szatana i ca\u0142kowicie<br>I na wszelkich polach<br>W tym w\u0142a\u015bnie uczestnicz\u0105<br>Byleby tylko ku zbrodniom z\u0142a<br>Dla dzieci Bo\u017cych wszelkich niepodleg\u0142ych<br>Tej szata\u0144skiej nienawi\u015bci tych bestii<br>I podleg\u0142ych im \u0142ajdak\u00f3w wszelkich<br>To takie totalne szatany z\u0142a<\/p>\n\n\n\n<p>3.<br>A przecie\u017c jak perfidia szata\u0144ska<br>Pod\u0142a bezczelna wyrafinowana tych bestii<br>To na ca\u0142ego najlepiej<br>Na ka\u017cdej linii naszego \u017cycia<br>Byleby cho\u0107 rykoszetem uderza\u0107<br>Ale najlepiej to bezpo\u015brednio niszczy\u0107<br>Nas naszych i nasze niewinnych<\/p>\n\n\n\n<p>To jak tam szatany bestialskie<br>To teraz i\u015b\u0107 macie<br>W kradzie\u017ce tak zwane otwarte<br>Ju\u017c wam te ukryte ma\u0142e<br>Cho\u0107by z konta z domu<br>Nie wystarczaj\u0105 totalne szatany<br>To co macie teraz kra\u015b\u0107<br>Wiecie przecie\u017c co otwarte mamy<br>Takie totalne szatany kt\u00f3re te\u017c<br>Na wszystko maj\u0105 \u0142ajdactwo odpowiednie<br>Przeszkadzaj\u0105 przecie\u017c szatanom dobra nasze<br>Zreszt\u0105 wszelkie to jak tam<br>Z tej wsi podesty \u0142\u00f3\u017cko<br>Przyczepa a mo\u017ce grill<br>A mo\u017ce wszystko razem<br>Oczywi\u015bcie pod\u0142ug bestii tego odpowiednio<br>Nikt nie zauwa\u017cy a raczej<br>Tylko by si\u0119 tam odwa\u017cy\u0142<br>Na wszystko maj\u0105 te\u017c szatany<br>Wszelkie swoje nie bez pokrycia przecie\u017c<br>W zbrodniach wszelkie diabelskie szanta\u017ce<\/p>\n\n\n\n<p><em>Dzi\u015b wspominany \u015bw. *<strong>A-ten-o-dor<\/strong>*<br>*<strong>A ten u drzwi<\/strong>* to podwijskie bydle<br>Misie bandyckie czy tam jakie<br>Pod\u0142ug bestii odpowiednie bydlaki<br>A mo\u017cna przecie\u017c za drzwiami<br>Za r\u00f3wno i kradzie\u017ce<br>I napa\u015bci prowokacje bestii wszelkie<br>Na co oni przecie\u017c maj\u0105<br>Tych wszelkich skorumpowanych sprzedajnych \u0142ajdak\u00f3w<br>Prywatnych zawodowych i s\u0142u\u017cbowych<br>Co za r\u00f3\u017cnica dla szatana<br>I bestii byleby tylko nam<br>Czyni\u0107 \u017ale zawsze i wsz\u0119dzie<\/em><\/p>\n\n\n\n<figure class=\"wp-block-gallery has-nested-images columns-default is-cropped wp-block-gallery-1 is-layout-flex wp-block-gallery-is-layout-flex\">\n<figure class=\"wp-block-image size-large\"><a href=\"https:\/\/hubertpietka.bialystok.pl\/wp-content\/uploads\/2025\/12\/1000038385.jpg\"><img loading=\"lazy\" decoding=\"async\" width=\"1024\" height=\"771\" data-id=\"9957\" src=\"https:\/\/hubertpietka.bialystok.pl\/wp-content\/uploads\/2025\/12\/1000038385-1024x771.jpg\" alt=\"\" class=\"wp-image-9957\" srcset=\"https:\/\/hubertpietka.bialystok.pl\/wp-content\/uploads\/2025\/12\/1000038385-1024x771.jpg 1024w, https:\/\/hubertpietka.bialystok.pl\/wp-content\/uploads\/2025\/12\/1000038385-300x226.jpg 300w, https:\/\/hubertpietka.bialystok.pl\/wp-content\/uploads\/2025\/12\/1000038385-768x578.jpg 768w, https:\/\/hubertpietka.bialystok.pl\/wp-content\/uploads\/2025\/12\/1000038385-1536x1156.jpg 1536w, https:\/\/hubertpietka.bialystok.pl\/wp-content\/uploads\/2025\/12\/1000038385.jpg 1600w\" sizes=\"auto, (max-width: 1024px) 100vw, 1024px\" \/><\/a><\/figure>\n<\/figure>\n\n\n\n<p><strong>Jezu ufam Tobie wbrew tej<br>Wszelkiej ob\u0142udzie perfidnej i pod\u0142ej<br>Tych bestii i ich \u0142ajdactwa<br>Ku wszystkim tym zbrodniom<br>Dla nas naszego i naszych<br>I innych niewinnych Bo\u017cych dzieci<br>Szata\u0144stwo to totalnie ju\u017c skrajne<br>Skoro wszystko wsz\u0119dzie tak w\u0142a\u015bnie<br>A teraz te bestie i<br>Ich \u0142ajdactwo wszelkie na dodatek<br>We wszelkiej ob\u0142udzie i zbrodniach<br>Si\u0119 szata\u0144sko totalnie rozzuchwalaj\u0105 bezczelni<br>Byleby tylko ku szata\u0144skim zbrodniom<br>Dla nas wszelkich Bo\u017cych dzieci<\/strong><\/p>\n\n\n\n<p><\/p>\n","protected":false},"excerpt":{"rendered":"<p>1.Tak bardzo przeszkadza tym szatanom\u017be my \u015brodki na \u017cycieKonkretne mamy jakie\u015b dlatego trzebaUderzy\u0107 nam w podpor\u0119 chlebaPrzecie\u017c w nasze praceBestie i \u0142ajdaki uderzaj\u0105 nieustannieI jak&hellip; <\/p>\n","protected":false},"author":1,"featured_media":0,"parent":0,"menu_order":0,"comment_status":"closed","ping_status":"closed","template":"","meta":{"footnotes":""},"class_list":["post-9954","page","type-page","status-publish","hentry"],"_links":{"self":[{"href":"https:\/\/hubertpietka.bialystok.pl\/index.php?rest_route=\/wp\/v2\/pages\/9954","targetHints":{"allow":["GET"]}}],"collection":[{"href":"https:\/\/hubertpietka.bialystok.pl\/index.php?rest_route=\/wp\/v2\/pages"}],"about":[{"href":"https:\/\/hubertpietka.bialystok.pl\/index.php?rest_route=\/wp\/v2\/types\/page"}],"author":[{"embeddable":true,"href":"https:\/\/hubertpietka.bialystok.pl\/index.php?rest_route=\/wp\/v2\/users\/1"}],"replies":[{"embeddable":true,"href":"https:\/\/hubertpietka.bialystok.pl\/index.php?rest_route=%2Fwp%2Fv2%2Fcomments&post=9954"}],"version-history":[{"count":3,"href":"https:\/\/hubertpietka.bialystok.pl\/index.php?rest_route=\/wp\/v2\/pages\/9954\/revisions"}],"predecessor-version":[{"id":9958,"href":"https:\/\/hubertpietka.bialystok.pl\/index.php?rest_route=\/wp\/v2\/pages\/9954\/revisions\/9958"}],"wp:attachment":[{"href":"https:\/\/hubertpietka.bialystok.pl\/index.php?rest_route=%2Fwp%2Fv2%2Fmedia&parent=9954"}],"curies":[{"name":"wp","href":"https:\/\/api.w.org\/{rel}","templated":true}]}}