{"id":9964,"date":"2025-12-08T23:50:03","date_gmt":"2025-12-08T23:50:03","guid":{"rendered":"https:\/\/hubertpietka.bialystok.pl\/?page_id=9964"},"modified":"2025-12-08T23:52:51","modified_gmt":"2025-12-08T23:52:51","slug":"mistyfikacja-zla-przeformatowanie-odwiecznego-naturalnego-porzadku-bozego-na-akceptacje-obludy-zla-zbrodni","status":"publish","type":"page","link":"https:\/\/hubertpietka.bialystok.pl\/?page_id=9964","title":{"rendered":"Mistyfikacja szatana \/ przeformatowanie odwiecznego naturalnego porz\u0105dku Bo\u017cego \/ na akceptacj\u0119 ob\u0142udy z\u0142a zbrodni"},"content":{"rendered":"\n<p>1.<br>A prawda jest taka<br>\u017be ka\u017cdy sam o sobie<br>Za\u015bwiadcza swoimi czynami i s\u0142owami<br>Do przynale\u017cno\u015bci do dzie\u0142 k\u0142amstw<br>Bestii i szatana pod\u0142ug ob\u0142udy<br>Wszelkich takich w\u0142a\u015bnie bydlak\u00f3w dzia\u0142a\u0144<br>Bo wiedz\u0105 dobrze jak szkodzi\u0107<br>Jak uderza\u0107 czy prowokowa\u0107<br>Do bestii r\u00f3\u017cnych odpowiednicy zbrodni<br>Pod\u0142ug w\u0142a\u015bnie z\u0142a wszelkiego<br>Bestiom i szatanowi ca\u0142kowicie przynale\u017cnego<br>Wobec tych ma\u0142ych dzieci Bo\u017cych<br>Nawet jak to ma mie\u0107<br>Znamiona czego\u015b innego zgo\u0142a<br>I analogicznie pod\u0142ug prawdy dobra<br>O przynale\u017cno\u015bci do Boga mi\u0142o\u015bci<br>Opowiadania si\u0119 za Jego dzie\u0107mi<br>Nie ma drogi pomi\u0119dzy<br>Nie ma tu z\u0142otego \u015brodka<br>&#8222;Panu Bogu \u015bwieczk\u0119 a diab\u0142u<br>Ogarek&#8221; tak z tymi niby<br>Neutralnymi bo kto nie sprzeciwia<br>Si\u0119 z\u0142u je toleruje jednocze\u015bnie<br>Jest oboj\u0119tny na komu\u015b z\u0142oczynienie<br>Jednocze\u015bnie opowiada si\u0119 za z\u0142em<br>Tych bestii i szatana<br>Bo niejako akceptuje wszystkie zbrodnie<br>Tych bestii i szatana zar\u00f3wno<br>Tak to wszelkie \u0142ajdactwo zepsute<\/p>\n\n\n\n<p>2.<br>I \u015bwiat si\u0119 niestety chyba<br>Da\u0142 zmanipulowa\u0107 z\u0142u bestii \u0142ajdak\u00f3w<br>I automatycznie szatana \u017ce zbrodnie<br>Mog\u0105 by\u0107 uprawomocnione wskazane po\u017c\u0105dane<br>Jako\u015b nawet niby dla dobra<br>Tego \u015bwiata dali si\u0119 ludzie<br>Zmanipulowa\u0107 \u017ce spustoszenie z\u0142em zbrodni<br>\u017be na tym mo\u017cna budowa\u0107<br>Przysz\u0142o\u015b\u0107 tego \u015bwiata czy czegokolwiek<br>Jaki\u017c to przewr\u00f3t szata\u0144ski<br>\u017be naturalny porz\u0105dek Bo\u017cy zosta\u0142<br>Tak totalnie przekr\u0119cony przez r\u00f3\u017cnych<br>Kt\u00f3rzy poddaj\u0105 si\u0119 szatana z\u0142u<br>I tego chc\u0105 dla innych<br>Totalna mistyfikacja z\u0142a uprawomocnienie niby<br>Zbrodni ob\u0142udy ku nim k\u0142amstw<br>Maj\u0105cych niby wykaza\u0107 z\u0142a s\u0142uszno\u015b\u0107<br>I nazywanie zbrodni jakim\u015b<br>Niby wy\u017cszym dobrem czy konieczno\u015bci\u0105<\/p>\n\n\n\n<p>3.<br>A w dalszej kolejno\u015bci<br>Po akceptacji tolerancji z\u0142a zbrodni<br>To samo si\u0119 wt\u0142acza ludziom<br>Ku akceptacjom r\u00f3\u017cnych ideologii genetycznie<br>Te\u017c wspieraj\u0105cych szatana cywilizacj\u0119 \u015bmierci<br>To s\u0105 naczynia powi\u0105zane z\u0142a<br>I eugenika niby tych lepszych<br>Nad tymi kt\u00f3rych obdarowano pogard\u0105<br>W imi\u0119 niby nowoczesnego \u015bwiata<\/p>\n\n\n\n<figure class=\"wp-block-gallery has-nested-images columns-default is-cropped wp-block-gallery-1 is-layout-flex wp-block-gallery-is-layout-flex\">\n<figure class=\"wp-block-image size-large\"><a href=\"https:\/\/hubertpietka.bialystok.pl\/wp-content\/uploads\/2025\/12\/1000038521.jpg\"><img loading=\"lazy\" decoding=\"async\" width=\"1024\" height=\"771\" data-id=\"9965\" src=\"https:\/\/hubertpietka.bialystok.pl\/wp-content\/uploads\/2025\/12\/1000038521-1024x771.jpg\" alt=\"\" class=\"wp-image-9965\" srcset=\"https:\/\/hubertpietka.bialystok.pl\/wp-content\/uploads\/2025\/12\/1000038521-1024x771.jpg 1024w, https:\/\/hubertpietka.bialystok.pl\/wp-content\/uploads\/2025\/12\/1000038521-300x226.jpg 300w, https:\/\/hubertpietka.bialystok.pl\/wp-content\/uploads\/2025\/12\/1000038521-768x578.jpg 768w, https:\/\/hubertpietka.bialystok.pl\/wp-content\/uploads\/2025\/12\/1000038521-1536x1156.jpg 1536w, https:\/\/hubertpietka.bialystok.pl\/wp-content\/uploads\/2025\/12\/1000038521.jpg 1600w\" sizes=\"auto, (max-width: 1024px) 100vw, 1024px\" \/><\/a><\/figure>\n<\/figure>\n\n\n\n<p><em>A teraz smoli si\u0119 niebo<br>Znowu niczym smole\u0144skie na podw\u00f3rku<br>Tym polskim tu naszym<br>Co mo\u017cna zrobi\u0107 pod nocy<br>I mg\u0142y zas\u0142on\u0105 cho\u0107by<br>Jakie dalej maj\u0105 dla nas<br>Naszego i naszych zbrodnie<br>Te bestie i \u0142ajdactwo wszelkie<br>Wszystko jedno z jakiego ogr\u00f3dka<br>I w co kogo uderza\u0107<br>Te\u017c maj\u0105 te wszelkie szatany<\/em><\/p>\n","protected":false},"excerpt":{"rendered":"<p>1.A prawda jest taka\u017be ka\u017cdy sam o sobieZa\u015bwiadcza swoimi czynami i s\u0142owamiDo przynale\u017cno\u015bci do dzie\u0142 k\u0142amstwBestii i szatana pod\u0142ug ob\u0142udyWszelkich takich w\u0142a\u015bnie bydlak\u00f3w dzia\u0142a\u0144Bo wiedz\u0105&hellip; <\/p>\n","protected":false},"author":1,"featured_media":0,"parent":0,"menu_order":0,"comment_status":"closed","ping_status":"closed","template":"","meta":{"footnotes":""},"class_list":["post-9964","page","type-page","status-publish","hentry"],"_links":{"self":[{"href":"https:\/\/hubertpietka.bialystok.pl\/index.php?rest_route=\/wp\/v2\/pages\/9964","targetHints":{"allow":["GET"]}}],"collection":[{"href":"https:\/\/hubertpietka.bialystok.pl\/index.php?rest_route=\/wp\/v2\/pages"}],"about":[{"href":"https:\/\/hubertpietka.bialystok.pl\/index.php?rest_route=\/wp\/v2\/types\/page"}],"author":[{"embeddable":true,"href":"https:\/\/hubertpietka.bialystok.pl\/index.php?rest_route=\/wp\/v2\/users\/1"}],"replies":[{"embeddable":true,"href":"https:\/\/hubertpietka.bialystok.pl\/index.php?rest_route=%2Fwp%2Fv2%2Fcomments&post=9964"}],"version-history":[{"count":2,"href":"https:\/\/hubertpietka.bialystok.pl\/index.php?rest_route=\/wp\/v2\/pages\/9964\/revisions"}],"predecessor-version":[{"id":9968,"href":"https:\/\/hubertpietka.bialystok.pl\/index.php?rest_route=\/wp\/v2\/pages\/9964\/revisions\/9968"}],"wp:attachment":[{"href":"https:\/\/hubertpietka.bialystok.pl\/index.php?rest_route=%2Fwp%2Fv2%2Fmedia&parent=9964"}],"curies":[{"name":"wp","href":"https:\/\/api.w.org\/{rel}","templated":true}]}}