{"id":9976,"date":"2025-12-10T19:15:09","date_gmt":"2025-12-10T19:15:09","guid":{"rendered":"https:\/\/hubertpietka.bialystok.pl\/?page_id=9976"},"modified":"2025-12-10T19:15:09","modified_gmt":"2025-12-10T19:15:09","slug":"zaslugi-bestii-moze-juz-i-wieksze-w-eksterminacji-elementow-niepozadanych-ludzkich-niz-hitlerowskich-niemiec-stalinowskiej-rosji","status":"publish","type":"page","link":"https:\/\/hubertpietka.bialystok.pl\/?page_id=9976","title":{"rendered":"Zas\u0142ugi bestii &#8211; mo\u017ce ju\u017c i wi\u0119ksze \/ w eksterminacji element\u00f3w niepo\u017c\u0105danych ludzkich &#8211; ni\u017c hitlerowskich Niemiec stalinowskiej Rosji"},"content":{"rendered":"\n<p>Mam nowe has\u0142o pod\u0142ug komunizmu<br>Tych bestii \u0142ajdak\u00f3w chyba raczej<br>Ob\u0142udnicy wierutni wszystkich kraj\u00f3w<br>Wszelkiej ideologicznej czy ateistycznej ma\u015bci<br>Si\u0119 \u0142\u0105czcie w dzie\u0142ach szata\u0144skich<br>Tych bestii ka\u017cda ob\u0142uda wierutna<br>Ma\u0142a czy wi\u0119ksza jest przecie\u017c<br>Dobrze widziana przez te bestie<br>Mo\u017cna sobie w ten spos\u00f3b<br>Zaskarbi\u0107 \u0142aski u nich odpowiednie<br>A najlepiej \u017ceby wygl\u0105da\u0142o \u017ce<br>Niby niewinnie lub pod pozorem<br>Niby winy tych dzieci Bo\u017cych<br>Byleby tylko uderza\u0107 po szata\u0144sku<br>W nich jako\u015b cho\u0107by rykoszetem<\/p>\n\n\n\n<p>I tak ta podwija<br>Ob\u0142udnik na wskro\u015b k\u0142amliwy<br>I misie bandyckie z nim<br>Lub te\u017c same byleby tylko<br>Ob\u0142uda tych bestii ku zbrodniom<br>Zosta\u0142a areszcie zrealizowana albo inni<br>Bestii s\u0142u\u017cbi\u015bci tam to ta\u0142atajstwo<br>A zreszt\u0105 ob\u0142uda pod\u0142ug bestii<br>Jest niejako demokratyczna ka\u017cdy przecie\u017c<br>Mo\u017ce w niej uczestniczy\u0107<br>Pod\u0142ug jakichkolwiek dost\u0119pnych \u015brodk\u00f3w<br>Byleby tylko \u015bmier\u0107 zniewolenie zniszczenie<br>Dla tych ma\u0142ych ichniemu ichnim<\/p>\n\n\n\n<p>A przecie\u017c bestie mog\u0105 te\u017c<br>Gazowa\u0107 odpowiednio jak w Auschwitz<br>Pod pozorem cho\u0107by przezi\u0119bienia \u017con\u0119<br>A te zwierz\u0119ta \u017ce niby<br>Zaszkodzi\u0142 im wydech z samochod\u00f3w<br>Przy okazji si\u0119 realizuje przecie\u017c<br>Domniemania ideologiczne pandemii i ekologizmu<br>Tych destrukcji spo\u0142ecze\u0144stwa demagogicznych<br>Wszystko przecie\u017c ma s\u0142u\u017cy\u0107 bestiom<br>I wszystko dzieciom Bo\u017cym przeciwko<br>\u017be o injektorach prowokatorach napastnikach<br>A w sumie to<br>O tym wy\u017cej by\u0142o<br>Pod\u0142ug wsp\u00f3\u0142uczestniczenia w bestii ob\u0142udzie<br>A mo\u017ce by\u0107 i wypadek<br>Jakimtamkolwiek byle niby przypadkowy<br>Po\u017car zalanie wybuch czy kradzie\u017c<br>Tak\u017ce szata\u0144skich \u015brodk\u00f3w przemocy<br>Maj\u0105 te bestie \u0142ajdaki du\u017co<br>&#8222;Do wyboru do koloru&#8221;<br>Mo\u017cna tu powiedzie\u0107 \u017conglowa\u0107 mo\u017cna<br>Przecie\u017c wszelkimi tak\u017ce metodami \u015bmierci<br>Zniszczenia nie tylko zniewolenia<br>Byleby tylko gwa\u0142t zbrodni zada\u0107<br>Tym nienawistnym z\u0142o\u015bci bestii i<br>\u0141ajdactwa wszelkiego tych ma\u0142ych<br>I innych niewinnych tak\u017ce<\/p>\n\n\n\n<p>Bo ile\u017c niewinnych istnie\u0144 ludzkich<br>Ju\u017c wymordowa\u0142y te bestie \u0142ajdactwo<br>A mo\u017ce to ju\u017c idzie<br>W miliony jak ofiary hitleryzmu<br>I stalinizmu cho\u0107by ju\u017c si\u0119<br>Te bestie mo\u017ce zr\u00f3wna\u0142y<br>Z takimi cho\u0107by potworami<br>W tej eugenice i holocau\u015bcie<br>W tych zbrodniach przeciwko ludzko\u015bci<br>Na pewno zadowolony jest szatan<br>A co tam Pan B\u00f3g<br>Byleby by\u0142o tylko pod\u0142ug po\u017c\u0105da\u0144<br>Zbrodni tych bestii zreszt\u0105 wszelkich<br>Na tych ma\u0142ych i innych<br>Maj\u0105cych by\u0107 poddanych eksterminacji szata\u0144skiej<\/p>\n\n\n\n<figure class=\"wp-block-gallery has-nested-images columns-default is-cropped wp-block-gallery-1 is-layout-flex wp-block-gallery-is-layout-flex\">\n<figure class=\"wp-block-image size-large\"><a href=\"https:\/\/hubertpietka.bialystok.pl\/wp-content\/uploads\/2025\/12\/1000039104.jpg\"><img loading=\"lazy\" decoding=\"async\" width=\"771\" height=\"1024\" data-id=\"9977\" src=\"https:\/\/hubertpietka.bialystok.pl\/wp-content\/uploads\/2025\/12\/1000039104-771x1024.jpg\" alt=\"\" class=\"wp-image-9977\" srcset=\"https:\/\/hubertpietka.bialystok.pl\/wp-content\/uploads\/2025\/12\/1000039104-771x1024.jpg 771w, https:\/\/hubertpietka.bialystok.pl\/wp-content\/uploads\/2025\/12\/1000039104-226x300.jpg 226w, https:\/\/hubertpietka.bialystok.pl\/wp-content\/uploads\/2025\/12\/1000039104-768x1021.jpg 768w, https:\/\/hubertpietka.bialystok.pl\/wp-content\/uploads\/2025\/12\/1000039104-1156x1536.jpg 1156w, https:\/\/hubertpietka.bialystok.pl\/wp-content\/uploads\/2025\/12\/1000039104.jpg 1204w\" sizes=\"auto, (max-width: 771px) 100vw, 771px\" \/><\/a><\/figure>\n<\/figure>\n\n\n\n<p><em>Bestie zapewne przedstawiaj\u0105 to k\u0142amliwie<br>Zupe\u0142nie inaczej jako zbawiciele \u015bwiata<br>Wszelkie zbrodnie dla dobra ludzko\u015bci<br>Ale zbrodnie nigdy dobru Bo\u017cemu<br>Nie s\u0142u\u017c\u0105 ani k\u0142amstwa szata\u0144skie<br>Nie s\u0142u\u017c\u0105 nigdy Bo\u017cej prawdzie<br>Wbrew tej wszelkiej ob\u0142udzie wierutnej<br>Kt\u00f3ra postawy bestii i \u0142ajdactwa<br>Wszelkiego zreszt\u0105 gdziekolwiek ca\u0142kowicie reprezentuje<\/em><\/p>\n","protected":false},"excerpt":{"rendered":"<p>Mam nowe has\u0142o pod\u0142ug komunizmuTych bestii \u0142ajdak\u00f3w chyba raczejOb\u0142udnicy wierutni wszystkich kraj\u00f3wWszelkiej ideologicznej czy ateistycznej ma\u015bciSi\u0119 \u0142\u0105czcie w dzie\u0142ach szata\u0144skichTych bestii ka\u017cda ob\u0142uda wierutnaMa\u0142a czy&hellip; <\/p>\n","protected":false},"author":1,"featured_media":0,"parent":0,"menu_order":0,"comment_status":"closed","ping_status":"closed","template":"","meta":{"footnotes":""},"class_list":["post-9976","page","type-page","status-publish","hentry"],"_links":{"self":[{"href":"https:\/\/hubertpietka.bialystok.pl\/index.php?rest_route=\/wp\/v2\/pages\/9976","targetHints":{"allow":["GET"]}}],"collection":[{"href":"https:\/\/hubertpietka.bialystok.pl\/index.php?rest_route=\/wp\/v2\/pages"}],"about":[{"href":"https:\/\/hubertpietka.bialystok.pl\/index.php?rest_route=\/wp\/v2\/types\/page"}],"author":[{"embeddable":true,"href":"https:\/\/hubertpietka.bialystok.pl\/index.php?rest_route=\/wp\/v2\/users\/1"}],"replies":[{"embeddable":true,"href":"https:\/\/hubertpietka.bialystok.pl\/index.php?rest_route=%2Fwp%2Fv2%2Fcomments&post=9976"}],"version-history":[{"count":1,"href":"https:\/\/hubertpietka.bialystok.pl\/index.php?rest_route=\/wp\/v2\/pages\/9976\/revisions"}],"predecessor-version":[{"id":9978,"href":"https:\/\/hubertpietka.bialystok.pl\/index.php?rest_route=\/wp\/v2\/pages\/9976\/revisions\/9978"}],"wp:attachment":[{"href":"https:\/\/hubertpietka.bialystok.pl\/index.php?rest_route=%2Fwp%2Fv2%2Fmedia&parent=9976"}],"curies":[{"name":"wp","href":"https:\/\/api.w.org\/{rel}","templated":true}]}}