{"id":9980,"date":"2025-12-12T10:48:09","date_gmt":"2025-12-12T10:48:09","guid":{"rendered":"https:\/\/hubertpietka.bialystok.pl\/?page_id=9980"},"modified":"2025-12-12T10:48:09","modified_gmt":"2025-12-12T10:48:09","slug":"apologia-bozych-wartosci-zycia-chocby-czy-zbrodni-i-klamstw-bestii-i-lajdactwa-wszelkiego-temu-twardoglowo-obludnie-przyklaskujacemu","status":"publish","type":"page","link":"https:\/\/hubertpietka.bialystok.pl\/?page_id=9980","title":{"rendered":"Apologia Bo\u017cych warto\u015bci \u017cycia cho\u0107by \/ czy zbrodni i k\u0142amstw bestii &#8211; i \u0142ajdactwa wszelkiego \/ temu twardog\u0142owo ob\u0142udnie przyklaskuj\u0105cemu"},"content":{"rendered":"\n<p>Dzi\u015b \u015bw. *<strong>Fin-i-ana<\/strong>* to<br>Jak tam bestialskie szatany<br>*<strong>Finisz Jana<\/strong>* tego wsp\u00f3\u0142czesnego chrzciciela<br>S\u0142owem Bo\u017cym i Jego warto\u015bciami<br>A mo\u017ce wierutne szatany<br>Jak zwykle z bestialstwem d\u0105\u017c\u0105cym<br>Do zbrodni wszelkich *<strong>finisz Any<\/strong>*<br>Ale to przecie\u017c codzienno\u015b\u0107 szatan\u00f3w<\/p>\n\n\n\n<p>A jak nie Kazik<br>A mo\u017ce jednak<br>Nie mo\u017cna przecie\u017c podda\u0107 jako\u015b<br>Tej szata\u0144skiej cywilizacji \u015bmierci bestii<br>Zbyt du\u017co zyskuj\u0105 na niej<br>To mo\u017ce *<strong>finisz Jana<\/strong>* Pie.<br>Wiedz\u0105 przecie\u017c bestie czym<br>Si\u0119 karmi\u0119 i Bo\u017ce warto\u015bci<br>W samochodzie cho\u0107by nie zniszczy\u0142<br>Go jako\u015b socjalizm realny PRL-u<br>To go zniszczy komunizm ideologiczny<br>Szata\u0144skich bestii i \u0142ajdactwa wsp\u00f3\u0142czesny<br>To nic \u017ce jest stary<br>Bestie przecie\u017c nigdy nie wybaczaj\u0105<br>Zw\u0142aszcza zamachu na komunistyczne antywarto\u015bci<br>I to humorem satyr\u0105 \u017cartem<br>A to chyba dla bestii<br>Jest zamach najgorszy na ten<br>Ich system k\u0142amstw i zbrodni<br>Kt\u00f3ry ma si\u0119 przecie\u017c<br>Pod\u0142ug przemocy mie\u0107 zawsze \u015bwietnie<br>Z korzy\u015bci\u0105 dla bestii \u0142ajdactwa<br>Bo przecie\u017c nie dla podpadni\u0119tych<br>Zreszt\u0105 wszelkich ich wierutnej nienawi\u015bci<br>W takich uderza\u0107 maj\u0105 odpowiednio<br>I ob\u0142uda i zbrodnie bestii<br>I tego \u0142ajdactwa twardog\u0142owego wszelkiego<br>Kt\u00f3re przecie\u017c jest zawsze wierne<br>Szata\u0144sko w ob\u0142udzie wszelkiej<br>Na us\u0142ugach zbrodni k\u0142amstwom bestii<br>Byleby tylko uderza\u0107 zbrodniami ob\u0142ud\u0105<br>W nas naszych i nasze<br>Ale jak wida\u0107 we wszystkich<br>Nienawistnych systemowi szata\u0144skich bestii antywarto\u015bci<br>I przy okazji wierutnego \u0142ajdactwa<\/p>\n\n\n\n<figure class=\"wp-block-gallery has-nested-images columns-default is-cropped wp-block-gallery-1 is-layout-flex wp-block-gallery-is-layout-flex\">\n<figure class=\"wp-block-image size-large\"><a href=\"https:\/\/hubertpietka.bialystok.pl\/wp-content\/uploads\/2025\/12\/1000039410.jpg\"><img loading=\"lazy\" decoding=\"async\" width=\"771\" height=\"1024\" data-id=\"9981\" src=\"https:\/\/hubertpietka.bialystok.pl\/wp-content\/uploads\/2025\/12\/1000039410-771x1024.jpg\" alt=\"\" class=\"wp-image-9981\" srcset=\"https:\/\/hubertpietka.bialystok.pl\/wp-content\/uploads\/2025\/12\/1000039410-771x1024.jpg 771w, https:\/\/hubertpietka.bialystok.pl\/wp-content\/uploads\/2025\/12\/1000039410-226x300.jpg 226w, https:\/\/hubertpietka.bialystok.pl\/wp-content\/uploads\/2025\/12\/1000039410-768x1020.jpg 768w, https:\/\/hubertpietka.bialystok.pl\/wp-content\/uploads\/2025\/12\/1000039410-1157x1536.jpg 1157w, https:\/\/hubertpietka.bialystok.pl\/wp-content\/uploads\/2025\/12\/1000039410.jpg 1536w\" sizes=\"auto, (max-width: 771px) 100vw, 771px\" \/><\/a><\/figure>\n<\/figure>\n\n\n\n<p><em>Na zdj. Dzi\u015b *<strong>Matki \u017bycia<\/strong>*<br>Pod\u0142ug Bo\u017cych warto\u015bci Maryja zawsze<br>A co g\u0142osz\u0105 te bestie<br>Szata\u0144sko i z czym<br>Si\u0119 te\u017c zgadza twardog\u0142owe \u0142ajdactwo<br>\u017be \u015bmier\u0107 mo\u017ce by\u0107 u\u017cyteczna<br>G\u0142osz\u0105 szatany niby warto\u015b\u0107 \u015bmierci<br>Oczywi\u015bcie nie dla nich<br>Dla tego \u0142ajdactwa i bestii<br>Ci maj\u0105 przecie\u017c korzysta\u0107<br>Z tego wszystkiego co zostanie<br>Po tych kt\u00f3rych odpowiednio zniszcz\u0105<br>Jak hieny szata\u0144skie te bestie<br>I \u0142ajdactwo wszelkie bogaci\u0107 si\u0119<br>Stoj\u0105c nad czyim\u015b grobem<br>Tych zreszt\u0105 kt\u00f3rych zabij\u0105<br>W taki czy inny spos\u00f3b<\/em><\/p>\n\n\n\n<p><em>Szata\u0144stwo bestii g\u0142osz\u0105ce niby warto\u015b\u0107<br>\u015amierci i B\u00f3g Matka \u017bycia<br>Co si\u0119 tu b\u0119dzie wybiera\u0107<br>To te\u017c ten \u015bwiat odziedziczy<br>Akceptacja z\u0142a szata\u0144skiego bestii \u0142ajdak\u00f3w<br>Zbrodni tych najgorszych chyba wszelkich<br>Czy kontestacja tego pod\u0142ug wyboru<br>Niezmiennych Bo\u017cych warto\u015bci \u017cycia cho\u0107by<br>Czy w Bogu takiej wolno\u015bci<\/em><\/p>\n\n\n\n<p><strong><em><a href=\"https:\/\/youtu.be\/D7Gv1YYAs_g\">Jan Pietrzak &#8211; Jeszcze \u017cyjemy <\/a><\/em><\/strong><\/p>\n\n\n\n<p class=\"has-text-align-right\"><strong><em><a href=\"https:\/\/youtu.be\/8bSZyc7c0rM\">Jan Pietrzak &#8211; \u015awi\u0119te s\u0142owa <\/a><\/em><\/strong><\/p>\n\n\n\n<p><\/p>\n","protected":false},"excerpt":{"rendered":"<p>Dzi\u015b \u015bw. *Fin-i-ana* toJak tam bestialskie szatany*Finisz Jana* tego wsp\u00f3\u0142czesnego chrzcicielaS\u0142owem Bo\u017cym i Jego warto\u015bciamiA mo\u017ce wierutne szatanyJak zwykle z bestialstwem d\u0105\u017c\u0105cymDo zbrodni wszelkich *finisz&hellip; <\/p>\n","protected":false},"author":1,"featured_media":0,"parent":0,"menu_order":0,"comment_status":"closed","ping_status":"closed","template":"","meta":{"footnotes":""},"class_list":["post-9980","page","type-page","status-publish","hentry"],"_links":{"self":[{"href":"https:\/\/hubertpietka.bialystok.pl\/index.php?rest_route=\/wp\/v2\/pages\/9980","targetHints":{"allow":["GET"]}}],"collection":[{"href":"https:\/\/hubertpietka.bialystok.pl\/index.php?rest_route=\/wp\/v2\/pages"}],"about":[{"href":"https:\/\/hubertpietka.bialystok.pl\/index.php?rest_route=\/wp\/v2\/types\/page"}],"author":[{"embeddable":true,"href":"https:\/\/hubertpietka.bialystok.pl\/index.php?rest_route=\/wp\/v2\/users\/1"}],"replies":[{"embeddable":true,"href":"https:\/\/hubertpietka.bialystok.pl\/index.php?rest_route=%2Fwp%2Fv2%2Fcomments&post=9980"}],"version-history":[{"count":1,"href":"https:\/\/hubertpietka.bialystok.pl\/index.php?rest_route=\/wp\/v2\/pages\/9980\/revisions"}],"predecessor-version":[{"id":9982,"href":"https:\/\/hubertpietka.bialystok.pl\/index.php?rest_route=\/wp\/v2\/pages\/9980\/revisions\/9982"}],"wp:attachment":[{"href":"https:\/\/hubertpietka.bialystok.pl\/index.php?rest_route=%2Fwp%2Fv2%2Fmedia&parent=9980"}],"curies":[{"name":"wp","href":"https:\/\/api.w.org\/{rel}","templated":true}]}}