{"id":999,"date":"2018-02-14T11:38:19","date_gmt":"2018-02-14T11:38:19","guid":{"rendered":"http:\/\/hubertpietka.bialystok.pl\/?page_id=999"},"modified":"2018-02-14T11:43:26","modified_gmt":"2018-02-14T11:43:26","slug":"cywilizacja-milosci","status":"publish","type":"page","link":"https:\/\/hubertpietka.bialystok.pl\/?page_id=999","title":{"rendered":"Cywilizacja Mi\u0142o\u015bci"},"content":{"rendered":"<p><strong>Cywilizacja Mi\u0142o\u015bci<\/strong><\/p>\n<p>&nbsp;<\/p>\n<p>Je\u015bli chcesz kocha\u0107<\/p>\n<p>i by\u0107 kochanym<\/p>\n<p><em>&#8211; stw\u00f3rzmy razem<\/em><\/p>\n<p><em>Cywilizacj\u0119 Mi\u0142o\u015bci<\/em><\/p>\n<p>&nbsp;<\/p>\n<p>Je\u015bli chcesz \u017cy\u0107<\/p>\n<p>prawdziwie i szczerze<\/p>\n<p><em>&#8211; stw\u00f3rzmy razem<\/em><\/p>\n<p><em>Cywilizacj\u0119 Mi\u0142o\u015bci<\/em><\/p>\n<p>&nbsp;<\/p>\n<p>Je\u015bli nie chcesz<\/p>\n<p>w anty-kulturze \u015bmierci brodzi\u0107<\/p>\n<p><em>&#8211; stw\u00f3rzmy razem<\/em><\/p>\n<p><em>Cywilizacj\u0119 Mi\u0142o\u015bci<\/em><\/p>\n<p>&nbsp;<\/p>\n<p>Je\u015bli nie chcesz<\/p>\n<p>opiera\u0107 \u015bwiata na mamonie<\/p>\n<p><em>&#8211; stw\u00f3rzmy razem<\/em><\/p>\n<p><em>Cywilizacj\u0119 Mi\u0142o\u015bci<\/em><\/p>\n<p>&nbsp;<\/p>\n<p>Je\u015bli chcesz warto\u015bci<\/p>\n<p>a nie \u015bmieci z\u0142o\u015bci<\/p>\n<p><em>&#8211; stw\u00f3rzmy razem<\/em><\/p>\n<p><em>Cywilizacj\u0119 Mi\u0142o\u015bci<\/em><\/p>\n<p>&nbsp;<\/p>\n<p>Je\u015bli chcesz dobra i rado\u015bci<\/p>\n<p>a nie pychy i pod\u0142o\u015bci<\/p>\n<p><em>&#8211; stw\u00f3rzmy razem<\/em><\/p>\n<p><em>Cywilizacj\u0119 Mi\u0142o\u015bci<\/em><\/p>\n<p>&nbsp;<\/p>\n<p>Je\u015bli chcesz Boga<\/p>\n<p>a nie l\u0119ku i trwogi<\/p>\n<p><em>&#8211; stw\u00f3rzmy razem<\/em><\/p>\n<p><em>Cywilizacj\u0119 Mi\u0142o\u015bci<\/em><\/p>\n<p>&nbsp;<\/p>\n<p>Tylko w klimacie mi\u0142o\u015bci<\/p>\n<p>cz\u0142owiek mo\u017ce swobodnie oddycha\u0107<\/p>\n<p>dlatego<\/p>\n<p><em>&#8211; stw\u00f3rzmy razem<\/em><\/p>\n<p><em>Cywilizacj\u0119 Mi\u0142o\u015bci<\/em><\/p>\n<p>&nbsp;<\/p>\n<p>Tylko w dobroci i prawdzie<\/p>\n<p>cz\u0142owiek mo\u017ce dobrze \u017cy\u0107<\/p>\n<p>dlatego<\/p>\n<p><em>&#8211; stw\u00f3rzmy razem<\/em><\/p>\n<p><em>Cywilizacj\u0119 Mi\u0142o\u015bci<\/em><\/p>\n<p>&nbsp;<\/p>\n<p>Nie \u015bmierci z\u0142u i k\u0142amstwu<\/p>\n<p>Nie zbrodniom<\/p>\n<p>Nie wyzyskowi\u00a0 i prze\u015bladowaniom<\/p>\n<p>Lecz tak dla<\/p>\n<p><em>&#8211; stw\u00f3rzmy razem<\/em><\/p>\n<p><em>Cywilizacj\u0119 Mi\u0142o\u015bci<\/em><\/p>\n<p>&nbsp;<\/p>\n<p>Tylko tak wyjdziemy<\/p>\n<p>naprzeciw<\/p>\n<p>czystym pragnieniom ludzko\u015bci<\/p>\n<p>\u015bwiata pokoju i wolno\u015bci<\/p>\n<p>&nbsp;<\/p>\n<p>dlatego<\/p>\n<p><em>&#8211; stw\u00f3rzmy razem<\/em><\/p>\n<p><em>Cywilizacj\u0119 Mi\u0142o\u015bci<\/em><\/p>\n<p>&nbsp;<\/p>\n<p>nalegam<\/p>\n<p><em>&#8211; stw\u00f3rzmy razem<\/em><\/p>\n<p><em>Cywilizacj\u0119 Mi\u0142o\u015bci<\/em><\/p>\n<p>&nbsp;<\/p>\n<p>niczego bardziej<\/p>\n<p>nie potrzebujemy<\/p>\n<p>to jest nadrz\u0119dnym celem<\/p>\n<p>&nbsp;<\/p>\n<h1 class=\"title style-scope ytd-video-primary-info-renderer\" style=\"text-align: center;\"><a href=\"https:\/\/www.youtube.com\/watch?v=u2T9QGXZyk0\">Maleo Reggae Rockers &#8211; \u017by\u0107 aby kocha\u0107<\/a><\/h1>\n<p>&nbsp;<\/p>\n","protected":false},"excerpt":{"rendered":"<p>Cywilizacja Mi\u0142o\u015bci &nbsp; Je\u015bli chcesz kocha\u0107 i by\u0107 kochanym &#8211; stw\u00f3rzmy razem Cywilizacj\u0119 Mi\u0142o\u015bci &nbsp; Je\u015bli chcesz \u017cy\u0107 prawdziwie i szczerze &#8211; stw\u00f3rzmy razem Cywilizacj\u0119&hellip; <\/p>\n","protected":false},"author":1,"featured_media":0,"parent":0,"menu_order":0,"comment_status":"closed","ping_status":"closed","template":"","meta":{"footnotes":""},"class_list":["post-999","page","type-page","status-publish","hentry"],"_links":{"self":[{"href":"https:\/\/hubertpietka.bialystok.pl\/index.php?rest_route=\/wp\/v2\/pages\/999","targetHints":{"allow":["GET"]}}],"collection":[{"href":"https:\/\/hubertpietka.bialystok.pl\/index.php?rest_route=\/wp\/v2\/pages"}],"about":[{"href":"https:\/\/hubertpietka.bialystok.pl\/index.php?rest_route=\/wp\/v2\/types\/page"}],"author":[{"embeddable":true,"href":"https:\/\/hubertpietka.bialystok.pl\/index.php?rest_route=\/wp\/v2\/users\/1"}],"replies":[{"embeddable":true,"href":"https:\/\/hubertpietka.bialystok.pl\/index.php?rest_route=%2Fwp%2Fv2%2Fcomments&post=999"}],"version-history":[{"count":3,"href":"https:\/\/hubertpietka.bialystok.pl\/index.php?rest_route=\/wp\/v2\/pages\/999\/revisions"}],"predecessor-version":[{"id":1003,"href":"https:\/\/hubertpietka.bialystok.pl\/index.php?rest_route=\/wp\/v2\/pages\/999\/revisions\/1003"}],"wp:attachment":[{"href":"https:\/\/hubertpietka.bialystok.pl\/index.php?rest_route=%2Fwp%2Fv2%2Fmedia&parent=999"}],"curies":[{"name":"wp","href":"https:\/\/api.w.org\/{rel}","templated":true}]}}