{"id":9995,"date":"2025-12-14T10:01:50","date_gmt":"2025-12-14T10:01:50","guid":{"rendered":"https:\/\/hubertpietka.bialystok.pl\/?page_id=9995"},"modified":"2025-12-14T10:05:04","modified_gmt":"2025-12-14T10:05:04","slug":"puryzm-obludnikow-swietoszkow-byleby-tylko-zniszczyc-dzieci-boze","status":"publish","type":"page","link":"https:\/\/hubertpietka.bialystok.pl\/?page_id=9995","title":{"rendered":"Puryzm ob\u0142udnik\u00f3w \u015bwi\u0119toszk\u00f3w \/ byleby tylko zniszczy\u0107 dzieci Bo\u017ce"},"content":{"rendered":"\n<p>I wyruszy\u0142em do tej walki<br>Z tym ca\u0142ym ob\u0142udnym \u0142ajdactwem<br>A przecie\u017c bestie maj\u0105 te\u017c<br>Asa w r\u0119kawie bezpo\u015brednie osobiste<br>Wszelkie szata\u0144stwa swoje pod\u0142ug z\u0142a<br>Najgorszego agresji \u015bmierci zniewolenia zniszczenia<\/p>\n\n\n\n<p>I tylko si\u0119 rodzi czasem<br>W mojej g\u0142owie to pytanie<br>Czy ten nar\u00f3d \u0142ajdacz\u0105cy by\u0142<br>Ju\u017c tak zepsuty wcze\u015bniej<br>I tylko to si\u0119 ujawni\u0142o<br>W czasach dominacji przemocy bestii<br>Czy tak ju\u017c si\u0119 zepsu\u0142<\/p>\n\n\n\n<p>Bo ob\u0142ud\u0105 swoj\u0105 wszelkie bydlaki<br>Kpi\u0105 szydz\u0105 sobie<br>W \u017cywe oczy niejako<br>Widz\u0119 to po ich twarzach<br>Bezczelnych zasklepionych w z\u0142u kt\u00f3re<br>Chc\u0105 pod\u0142ug bestii czyni\u0107<br>Ca\u0142kowicie zgodnie z nimi<br>Zdaj\u0105 si\u0119 mawia\u0107 szyderczo tacy<br>A co mi zrobisz<br>Jak to niby przypadkowo<br>I tak po dupie dostaniesz<br>Bo nas jest wielu ob\u0142udnik\u00f3w<br>Z ka\u017cdej strony i niemal<br>Na ka\u017cdym kroku wsz\u0119dzie zawsze<\/p>\n\n\n\n<p>A sposoby ob\u0142udy mo\u017cna mno\u017cy\u0107<br>Byleby tylko uderza\u0107 w nich<br>Jakim\u015b z\u0142em kt\u00f3re ma ich<br>Ichnie i ichnich ob\u0142ud\u0105 zje\u015b\u0107<br>Nawet ochraniaczyki z pobliskiej telewizji<br>Przy tym placyku psim<br>S\u0105 zaanga\u017cowani do pod\u0142ug bestii<br>I \u0142ajdactwa odpowiedniego szpiegowania reagowania<\/p>\n\n\n\n<p>Ob\u0142uda pod\u0142ug bestii jest przecie\u017c<br>Demokratyczna ka\u017cdy mo\u017ce w niej<br>Jako\u015b uczestniczy\u0107 najlepiej podle perfidnie<br>W tak zwane na zaparte<br>Byleby tylko ich zniszczy\u0107 z\u0142em<br>Wszelkim kt\u00f3re mo\u017ce by\u0107 dost\u0119pne<br>I to jest chyba jedyna demokracja<br>W totalitarnym pa\u0144stwie z\u0142a bestii<br>I wszelkiego \u0142ajdactwa kt\u00f3re wiadomo<br>\u017be przez wsp\u00f3\u0142prac\u0119 z bestiami<br>Si\u0119 mie\u0107 maj\u0105 dobrze<br>W przeciwie\u0144stwie do tych wszystkich<br>Kt\u00f3rzy podpadli szata\u0144skiej bestii nienawi\u015bci<\/p>\n\n\n\n<p>A teraz sk\u00f3rsyny kur wiszcze (ja)<br>Mo\u017ce te\u017c za wulgaryzmy zabi\u0107 chcecie<br>No zobacz ob\u0142udnych \u015bwi\u0119toszk\u00f3w puryst\u00f3w<br>Nie mo\u017cna wulgaryzowa\u0107 ale zabija\u0107<br>To i owszem zw\u0142aszcza tych<br>Kt\u00f3rzy podpadli ob\u0142udnikom wierutnym twardog\u0142owym<br>W z\u0142u totalnie bestiom \u0142ajdakom<br>Cho\u0107 wiadomo przecie\u017c \u017ce czasami<br>Nie mo\u017cna czego\u015b wyrazi\u0107 inaczej<br>Ni\u017c mocnymi \u015brodkami zw\u0142aszcza gdy<br>Ob\u0142uda tych wszystkich ku zbrodniom<br>Na nas naszych i naszym<br>Wymaga w\u0142a\u015bnie mocnej obrony<br>A przecie\u017c szata\u0144scy ob\u0142udnicy<br>Mo\u017cna wszystko w obronie w\u0142asnej<br>Tej sprawiedliwej i s\u0142usznej<br>Bo ta ob\u0142uda wierutnym wszelkich<br>Ku z\u0142u ma nas po\u017cre\u0107<\/p>\n\n\n\n<figure class=\"wp-block-gallery has-nested-images columns-default is-cropped wp-block-gallery-1 is-layout-flex wp-block-gallery-is-layout-flex\">\n<figure class=\"wp-block-image size-large\"><a href=\"https:\/\/hubertpietka.bialystok.pl\/wp-content\/uploads\/2025\/12\/1000039690.jpg\"><img loading=\"lazy\" decoding=\"async\" width=\"1024\" height=\"771\" data-id=\"9998\" src=\"https:\/\/hubertpietka.bialystok.pl\/wp-content\/uploads\/2025\/12\/1000039690-1024x771.jpg\" alt=\"\" class=\"wp-image-9998\" srcset=\"https:\/\/hubertpietka.bialystok.pl\/wp-content\/uploads\/2025\/12\/1000039690-1024x771.jpg 1024w, https:\/\/hubertpietka.bialystok.pl\/wp-content\/uploads\/2025\/12\/1000039690-300x226.jpg 300w, https:\/\/hubertpietka.bialystok.pl\/wp-content\/uploads\/2025\/12\/1000039690-768x578.jpg 768w, https:\/\/hubertpietka.bialystok.pl\/wp-content\/uploads\/2025\/12\/1000039690-1536x1157.jpg 1536w, https:\/\/hubertpietka.bialystok.pl\/wp-content\/uploads\/2025\/12\/1000039690.jpg 2040w\" sizes=\"auto, (max-width: 1024px) 100vw, 1024px\" \/><\/a><\/figure>\n<\/figure>\n\n\n\n<p><em>Na zdj. By\u0142y wokalista z *<strong>TSA<\/strong>*<br>A oni te bestie \u0142ajdaki<br>S\u0105 jak muchy *<strong>tse tse<\/strong>*<br>Byleby tylko uk\u0142u\u0107 zrani\u0107 zabi\u0107<br>Wszelkim pod\u0142ym ob\u0142udy zajad\u0142ej jadem<br>Najlepiej podle i perfidnie wsz\u0119dzie<br>By si\u0119 nie mo\u017cna by\u0142o<br>Od tego odp\u0119dzi\u0107<br>I tak najlepiej wszyscy<br>Zawodowi prywatni i s\u0142u\u017cbowi wsz\u0119dzie<br>Byleby tylko pod\u0142ug z\u0142a szata\u0144skiego<br>Bestii dla nas naszego i naszych<\/em><\/p>\n\n\n\n<p><strong><em><a href=\"https:\/\/youtu.be\/2aIH1oQnVwc\">TSA &#8211; Chodz\u0105 ludzie <\/a><\/em><\/strong><\/p>\n","protected":false},"excerpt":{"rendered":"<p>I wyruszy\u0142em do tej walkiZ tym ca\u0142ym ob\u0142udnym \u0142ajdactwemA przecie\u017c bestie maj\u0105 te\u017cAsa w r\u0119kawie bezpo\u015brednie osobisteWszelkie szata\u0144stwa swoje pod\u0142ug z\u0142aNajgorszego agresji \u015bmierci zniewolenia zniszczenia&hellip; <\/p>\n","protected":false},"author":1,"featured_media":0,"parent":0,"menu_order":0,"comment_status":"closed","ping_status":"closed","template":"","meta":{"footnotes":""},"class_list":["post-9995","page","type-page","status-publish","hentry"],"_links":{"self":[{"href":"https:\/\/hubertpietka.bialystok.pl\/index.php?rest_route=\/wp\/v2\/pages\/9995","targetHints":{"allow":["GET"]}}],"collection":[{"href":"https:\/\/hubertpietka.bialystok.pl\/index.php?rest_route=\/wp\/v2\/pages"}],"about":[{"href":"https:\/\/hubertpietka.bialystok.pl\/index.php?rest_route=\/wp\/v2\/types\/page"}],"author":[{"embeddable":true,"href":"https:\/\/hubertpietka.bialystok.pl\/index.php?rest_route=\/wp\/v2\/users\/1"}],"replies":[{"embeddable":true,"href":"https:\/\/hubertpietka.bialystok.pl\/index.php?rest_route=%2Fwp%2Fv2%2Fcomments&post=9995"}],"version-history":[{"count":3,"href":"https:\/\/hubertpietka.bialystok.pl\/index.php?rest_route=\/wp\/v2\/pages\/9995\/revisions"}],"predecessor-version":[{"id":10000,"href":"https:\/\/hubertpietka.bialystok.pl\/index.php?rest_route=\/wp\/v2\/pages\/9995\/revisions\/10000"}],"wp:attachment":[{"href":"https:\/\/hubertpietka.bialystok.pl\/index.php?rest_route=%2Fwp%2Fv2%2Fmedia&parent=9995"}],"curies":[{"name":"wp","href":"https:\/\/api.w.org\/{rel}","templated":true}]}}